{"id":14268,"date":"2025-11-07T15:20:15","date_gmt":"2025-11-07T14:20:15","guid":{"rendered":"https:\/\/www.ernstbrunn-apotheke.at\/katalog\/produkt\/tetesept-kinderbad-erkaeltungs-bad\/"},"modified":"2025-12-08T13:38:24","modified_gmt":"2025-12-08T12:38:24","slug":"tetesept-kinderbad-erkaeltungs-bad","status":"publish","type":"product","link":"https:\/\/www.ernstbrunn-apotheke.at\/katalog\/produkt\/tetesept-kinderbad-erkaeltungs-bad\/","title":{"rendered":"Tetesept Kinderbad Erk\u00e4ltungs Bad"},"content":{"rendered":"<p>Tetesept Kinderbad Erk\u00e4ltungs Bad ist ein speziell f\u00fcr den kindlichen Organismus entwickelter medizinischer Badezusatz mit ausgew\u00e4hlten \u00e4therischen \u00d6len. In Verbindung mit seinem angenehmen Duftaroma lindert es Erk\u00e4ltungsbeschwerden wie Husten, Schnupfen und Abgeschlagenheit.<\/p>\n","protected":false},"excerpt":{"rendered":"<p>Tetesept Kinderbad Erk\u00e4ltungs Bad ist ein speziell f\u00fcr den kindlichen Organismus entwickelter medizinischer Badezusatz mit ausgew\u00e4hlten \u00e4therischen \u00d6len. In Verbindung mit seinem angenehmen Duftaroma lindert es Erk\u00e4ltungsbeschwerden wie Husten, Schnupfen und Abgeschlagenheit.<\/p>\n","protected":false},"featured_media":14270,"template":"","meta":{"_acf_changed":false},"product_brand":[487],"product_cat":[798],"product_tag":[],"class_list":{"0":"post-14268","1":"product","2":"type-product","3":"status-publish","4":"has-post-thumbnail","6":"product_brand-tetesept","7":"product_cat-t","8":"pa_packungsgroesse-125ml","10":"first","11":"instock","12":"shipping-taxable","13":"purchasable","14":"product-type-simple"},"acf":[],"_links":{"self":[{"href":"https:\/\/www.ernstbrunn-apotheke.at\/katalog\/wp-json\/wp\/v2\/product\/14268","targetHints":{"allow":["GET"]}}],"collection":[{"href":"https:\/\/www.ernstbrunn-apotheke.at\/katalog\/wp-json\/wp\/v2\/product"}],"about":[{"href":"https:\/\/www.ernstbrunn-apotheke.at\/katalog\/wp-json\/wp\/v2\/types\/product"}],"wp:featuredmedia":[{"embeddable":true,"href":"https:\/\/www.ernstbrunn-apotheke.at\/katalog\/wp-json\/wp\/v2\/media\/14270"}],"wp:attachment":[{"href":"https:\/\/www.ernstbrunn-apotheke.at\/katalog\/wp-json\/wp\/v2\/media?parent=14268"}],"wp:term":[{"taxonomy":"product_brand","embeddable":true,"href":"https:\/\/www.ernstbrunn-apotheke.at\/katalog\/wp-json\/wp\/v2\/product_brand?post=14268"},{"taxonomy":"product_cat","embeddable":true,"href":"https:\/\/www.ernstbrunn-apotheke.at\/katalog\/wp-json\/wp\/v2\/product_cat?post=14268"},{"taxonomy":"product_tag","embeddable":true,"href":"https:\/\/www.ernstbrunn-apotheke.at\/katalog\/wp-json\/wp\/v2\/product_tag?post=14268"}],"curies":[{"name":"wp","href":"https:\/\/api.w.org\/{rel}","templated":true}]}}