{"id":142664,"date":"2025-11-14T22:03:04","date_gmt":"2025-11-14T21:03:04","guid":{"rendered":"https:\/\/www.ernstbrunn-apotheke.at\/katalog\/produkt\/maimed-schlitzkompressen-5x5-cm-12fach-steril-100-stk\/"},"modified":"2025-12-09T10:46:10","modified_gmt":"2025-12-09T09:46:10","slug":"maimed-schlitzkompressen-5x5-cm-12fach-steril-100-stk","status":"publish","type":"product","link":"https:\/\/www.ernstbrunn-apotheke.at\/katalog\/produkt\/maimed-schlitzkompressen-5x5-cm-12fach-steril-100-stk\/","title":{"rendered":"MaiMed Schlitzkompressen 5&#215;5 cm 12fach steril 100 Stk."},"content":{"rendered":"<p>Die MaiMed Schlitzkompressen dienen der \u00e4u\u00dferen Versorgung von Wunden. Sie bestehen aus extra weichem Vliesstoff, sind sehr saugf\u00e4hig, luftundurchl\u00e4ssig und hautfreundlich.<\/p>\n","protected":false},"excerpt":{"rendered":"<p>Die MaiMed Schlitzkompressen dienen der \u00e4u\u00dferen Versorgung von Wunden. Sie bestehen aus extra weichem Vliesstoff, sind sehr saugf\u00e4hig, luftundurchl\u00e4ssig und hautfreundlich.<\/p>\n","protected":false},"featured_media":142666,"template":"","meta":{"_acf_changed":false},"product_brand":[],"product_cat":[800],"product_tag":[],"class_list":{"0":"post-142664","1":"product","2":"type-product","3":"status-publish","4":"has-post-thumbnail","6":"product_cat-m","7":"pa_packungsgroesse-100-stueck","9":"first","10":"instock","11":"shipping-taxable","12":"purchasable","13":"product-type-simple"},"acf":[],"_links":{"self":[{"href":"https:\/\/www.ernstbrunn-apotheke.at\/katalog\/wp-json\/wp\/v2\/product\/142664","targetHints":{"allow":["GET"]}}],"collection":[{"href":"https:\/\/www.ernstbrunn-apotheke.at\/katalog\/wp-json\/wp\/v2\/product"}],"about":[{"href":"https:\/\/www.ernstbrunn-apotheke.at\/katalog\/wp-json\/wp\/v2\/types\/product"}],"wp:featuredmedia":[{"embeddable":true,"href":"https:\/\/www.ernstbrunn-apotheke.at\/katalog\/wp-json\/wp\/v2\/media\/142666"}],"wp:attachment":[{"href":"https:\/\/www.ernstbrunn-apotheke.at\/katalog\/wp-json\/wp\/v2\/media?parent=142664"}],"wp:term":[{"taxonomy":"product_brand","embeddable":true,"href":"https:\/\/www.ernstbrunn-apotheke.at\/katalog\/wp-json\/wp\/v2\/product_brand?post=142664"},{"taxonomy":"product_cat","embeddable":true,"href":"https:\/\/www.ernstbrunn-apotheke.at\/katalog\/wp-json\/wp\/v2\/product_cat?post=142664"},{"taxonomy":"product_tag","embeddable":true,"href":"https:\/\/www.ernstbrunn-apotheke.at\/katalog\/wp-json\/wp\/v2\/product_tag?post=142664"}],"curies":[{"name":"wp","href":"https:\/\/api.w.org\/{rel}","templated":true}]}}