{"id":142528,"date":"2025-11-14T21:37:25","date_gmt":"2025-11-14T20:37:25","guid":{"rendered":"https:\/\/www.ernstbrunn-apotheke.at\/katalog\/produkt\/omega-3-liquid-zitrone-200-ml\/"},"modified":"2025-12-09T10:45:59","modified_gmt":"2025-12-09T09:45:59","slug":"omega-3-liquid-zitrone-200-ml","status":"publish","type":"product","link":"https:\/\/www.ernstbrunn-apotheke.at\/katalog\/produkt\/omega-3-liquid-zitrone-200-ml\/","title":{"rendered":"OMEGA-3 liquid Zitrone 200 ml"},"content":{"rendered":"<p>Shanab Pharma Omega-3 liquid Fisch\u00f6l ist hochdosiert und enth\u00e4lt eine einzigartige Kombination aus einem konzentrierten, gereinigten, hochdosierten Fisch\u00f6l aus Wildfang und einem kaltgepressten Oliven\u00f6l. EPA &#038; DHA tragen zur einer normalen Funktion des Herzens, der Augen und des Gehirns bei (laut EFSA ab einer t\u00e4glich Einnahmemenge von 250 mg DHA und EPA).<\/p>\n","protected":false},"excerpt":{"rendered":"<p>Shanab Pharma Omega-3 liquid Fisch\u00f6l ist hochdosiert und enth\u00e4lt eine einzigartige Kombination aus einem konzentrierten, gereinigten, hochdosierten Fisch\u00f6l aus Wildfang und einem kaltgepressten Oliven\u00f6l. EPA &#038; DHA tragen zur einer normalen Funktion des Herzens, der Augen und des Gehirns bei (laut EFSA ab einer t\u00e4glich Einnahmemenge von 250 mg DHA und EPA).<\/p>\n","protected":false},"featured_media":142530,"template":"","meta":{"_acf_changed":false},"product_brand":[],"product_cat":[819],"product_tag":[],"class_list":{"0":"post-142528","1":"product","2":"type-product","3":"status-publish","4":"has-post-thumbnail","6":"product_cat-o","7":"pa_packungsgroesse-200ml","9":"first","10":"instock","11":"shipping-taxable","12":"purchasable","13":"product-type-simple"},"acf":[],"_links":{"self":[{"href":"https:\/\/www.ernstbrunn-apotheke.at\/katalog\/wp-json\/wp\/v2\/product\/142528","targetHints":{"allow":["GET"]}}],"collection":[{"href":"https:\/\/www.ernstbrunn-apotheke.at\/katalog\/wp-json\/wp\/v2\/product"}],"about":[{"href":"https:\/\/www.ernstbrunn-apotheke.at\/katalog\/wp-json\/wp\/v2\/types\/product"}],"wp:featuredmedia":[{"embeddable":true,"href":"https:\/\/www.ernstbrunn-apotheke.at\/katalog\/wp-json\/wp\/v2\/media\/142530"}],"wp:attachment":[{"href":"https:\/\/www.ernstbrunn-apotheke.at\/katalog\/wp-json\/wp\/v2\/media?parent=142528"}],"wp:term":[{"taxonomy":"product_brand","embeddable":true,"href":"https:\/\/www.ernstbrunn-apotheke.at\/katalog\/wp-json\/wp\/v2\/product_brand?post=142528"},{"taxonomy":"product_cat","embeddable":true,"href":"https:\/\/www.ernstbrunn-apotheke.at\/katalog\/wp-json\/wp\/v2\/product_cat?post=142528"},{"taxonomy":"product_tag","embeddable":true,"href":"https:\/\/www.ernstbrunn-apotheke.at\/katalog\/wp-json\/wp\/v2\/product_tag?post=142528"}],"curies":[{"name":"wp","href":"https:\/\/api.w.org\/{rel}","templated":true}]}}