{"id":142518,"date":"2025-11-14T21:37:25","date_gmt":"2025-11-14T20:37:25","guid":{"rendered":"https:\/\/www.ernstbrunn-apotheke.at\/katalog\/produkt\/henna-plus-men-own-dark-brown-80-ml\/"},"modified":"2025-12-09T10:45:59","modified_gmt":"2025-12-09T09:45:59","slug":"henna-plus-men-own-dark-brown-80-ml","status":"publish","type":"product","link":"https:\/\/www.ernstbrunn-apotheke.at\/katalog\/produkt\/henna-plus-men-own-dark-brown-80-ml\/","title":{"rendered":"Henna Plus Men Own Dark Brown 80 ml"},"content":{"rendered":"<p>Das Unternehmen Henna Plus besteht seit dem Jahr 1985, in dem 100% nat\u00fcrliche Henna Plus Color Pulver eingef\u00fchrt wurden. In den folgenden Jahren wuchs die Produktpalette von Henna plus mit einzigartigen Haarf\u00e4rbungsmitteln stetig weiter. Henna Plus stehen f\u00fcr hochqualitative Produkte f\u00fcr jeden F\u00e4rbungswunsch.<\/p>\n","protected":false},"excerpt":{"rendered":"<p>Das Unternehmen Henna Plus besteht seit dem Jahr 1985, in dem 100% nat\u00fcrliche Henna Plus Color Pulver eingef\u00fchrt wurden. In den folgenden Jahren wuchs die Produktpalette von Henna plus mit einzigartigen Haarf\u00e4rbungsmitteln stetig weiter. Henna Plus stehen f\u00fcr hochqualitative Produkte f\u00fcr jeden F\u00e4rbungswunsch.<\/p>\n","protected":false},"featured_media":142520,"template":"","meta":{"_acf_changed":false},"product_brand":[],"product_cat":[805],"product_tag":[],"class_list":{"0":"post-142518","1":"product","2":"type-product","3":"status-publish","4":"has-post-thumbnail","6":"product_cat-h","7":"pa_packungsgroesse-80ml","9":"first","10":"instock","11":"shipping-taxable","12":"purchasable","13":"product-type-simple"},"acf":[],"_links":{"self":[{"href":"https:\/\/www.ernstbrunn-apotheke.at\/katalog\/wp-json\/wp\/v2\/product\/142518","targetHints":{"allow":["GET"]}}],"collection":[{"href":"https:\/\/www.ernstbrunn-apotheke.at\/katalog\/wp-json\/wp\/v2\/product"}],"about":[{"href":"https:\/\/www.ernstbrunn-apotheke.at\/katalog\/wp-json\/wp\/v2\/types\/product"}],"wp:featuredmedia":[{"embeddable":true,"href":"https:\/\/www.ernstbrunn-apotheke.at\/katalog\/wp-json\/wp\/v2\/media\/142520"}],"wp:attachment":[{"href":"https:\/\/www.ernstbrunn-apotheke.at\/katalog\/wp-json\/wp\/v2\/media?parent=142518"}],"wp:term":[{"taxonomy":"product_brand","embeddable":true,"href":"https:\/\/www.ernstbrunn-apotheke.at\/katalog\/wp-json\/wp\/v2\/product_brand?post=142518"},{"taxonomy":"product_cat","embeddable":true,"href":"https:\/\/www.ernstbrunn-apotheke.at\/katalog\/wp-json\/wp\/v2\/product_cat?post=142518"},{"taxonomy":"product_tag","embeddable":true,"href":"https:\/\/www.ernstbrunn-apotheke.at\/katalog\/wp-json\/wp\/v2\/product_tag?post=142518"}],"curies":[{"name":"wp","href":"https:\/\/api.w.org\/{rel}","templated":true}]}}