{"id":142444,"date":"2025-11-14T21:34:46","date_gmt":"2025-11-14T20:34:46","guid":{"rendered":"https:\/\/www.ernstbrunn-apotheke.at\/katalog\/produkt\/tetesept-vitamin-d3-wochendepot-7000-tabletten-12-stk\/"},"modified":"2025-12-09T10:45:54","modified_gmt":"2025-12-09T09:45:54","slug":"tetesept-vitamin-d3-wochendepot-7000-tabletten-12-stk","status":"publish","type":"product","link":"https:\/\/www.ernstbrunn-apotheke.at\/katalog\/produkt\/tetesept-vitamin-d3-wochendepot-7000-tabletten-12-stk\/","title":{"rendered":"tetesept Vitamin D3 Wochendepot 7000 Tabletten 12 Stk."},"content":{"rendered":"<p>tetesept Vitamin D3 Wochendepot 7000 Tabletten sind ein Nahrungserg\u00e4nzungsmittel, das das Immunsystem unterst\u00fctzt und positive Auswirkungen auf Knochen, Z\u00e4hne und Muskelfunktion hat &#8211; online bestellen > durch GRATIS Lieferung* bares Geld sparen!<\/p>\n","protected":false},"excerpt":{"rendered":"<p>tetesept Vitamin D3 Wochendepot 7000 Tabletten sind ein Nahrungserg\u00e4nzungsmittel, das das Immunsystem unterst\u00fctzt und positive Auswirkungen auf Knochen, Z\u00e4hne und Muskelfunktion hat &#8211; online bestellen > durch GRATIS Lieferung* bares Geld sparen!<\/p>\n","protected":false},"featured_media":142446,"template":"","meta":{"_acf_changed":false},"product_brand":[],"product_cat":[798],"product_tag":[],"class_list":{"0":"post-142444","1":"product","2":"type-product","3":"status-publish","4":"has-post-thumbnail","6":"product_cat-t","7":"pa_packungsgroesse-12-stueck","9":"first","10":"instock","11":"shipping-taxable","12":"purchasable","13":"product-type-simple"},"acf":[],"_links":{"self":[{"href":"https:\/\/www.ernstbrunn-apotheke.at\/katalog\/wp-json\/wp\/v2\/product\/142444","targetHints":{"allow":["GET"]}}],"collection":[{"href":"https:\/\/www.ernstbrunn-apotheke.at\/katalog\/wp-json\/wp\/v2\/product"}],"about":[{"href":"https:\/\/www.ernstbrunn-apotheke.at\/katalog\/wp-json\/wp\/v2\/types\/product"}],"wp:featuredmedia":[{"embeddable":true,"href":"https:\/\/www.ernstbrunn-apotheke.at\/katalog\/wp-json\/wp\/v2\/media\/142446"}],"wp:attachment":[{"href":"https:\/\/www.ernstbrunn-apotheke.at\/katalog\/wp-json\/wp\/v2\/media?parent=142444"}],"wp:term":[{"taxonomy":"product_brand","embeddable":true,"href":"https:\/\/www.ernstbrunn-apotheke.at\/katalog\/wp-json\/wp\/v2\/product_brand?post=142444"},{"taxonomy":"product_cat","embeddable":true,"href":"https:\/\/www.ernstbrunn-apotheke.at\/katalog\/wp-json\/wp\/v2\/product_cat?post=142444"},{"taxonomy":"product_tag","embeddable":true,"href":"https:\/\/www.ernstbrunn-apotheke.at\/katalog\/wp-json\/wp\/v2\/product_tag?post=142444"}],"curies":[{"name":"wp","href":"https:\/\/api.w.org\/{rel}","templated":true}]}}