{"id":142434,"date":"2025-11-14T21:34:46","date_gmt":"2025-11-14T20:34:46","guid":{"rendered":"https:\/\/www.ernstbrunn-apotheke.at\/katalog\/produkt\/tetesept-magnesium-400-aktiv-tabletten-90-stk\/"},"modified":"2025-12-09T10:45:53","modified_gmt":"2025-12-09T09:45:53","slug":"tetesept-magnesium-400-aktiv-tabletten-90-stk","status":"publish","type":"product","link":"https:\/\/www.ernstbrunn-apotheke.at\/katalog\/produkt\/tetesept-magnesium-400-aktiv-tabletten-90-stk\/","title":{"rendered":"tetesept Magnesium 400 aktiv Tabletten 90 Stk."},"content":{"rendered":"<p>tetesept Magnesium 400 aktiv Tabletten sind einfach zu schlucken und k\u00f6nnen zum Erhalt einer normalen Muskelfunktion beitragen und das Gef\u00fchl von M\u00fcdigkeit oder Ersch\u00f6pfung verringern.<\/p>\n","protected":false},"excerpt":{"rendered":"<p>tetesept Magnesium 400 aktiv Tabletten sind einfach zu schlucken und k\u00f6nnen zum Erhalt einer normalen Muskelfunktion beitragen und das Gef\u00fchl von M\u00fcdigkeit oder Ersch\u00f6pfung verringern.<\/p>\n","protected":false},"featured_media":142436,"template":"","meta":{"_acf_changed":false},"product_brand":[],"product_cat":[798],"product_tag":[],"class_list":{"0":"post-142434","1":"product","2":"type-product","3":"status-publish","4":"has-post-thumbnail","6":"product_cat-t","7":"pa_packungsgroesse-90-stueck","9":"first","10":"instock","11":"shipping-taxable","12":"purchasable","13":"product-type-simple"},"acf":[],"_links":{"self":[{"href":"https:\/\/www.ernstbrunn-apotheke.at\/katalog\/wp-json\/wp\/v2\/product\/142434","targetHints":{"allow":["GET"]}}],"collection":[{"href":"https:\/\/www.ernstbrunn-apotheke.at\/katalog\/wp-json\/wp\/v2\/product"}],"about":[{"href":"https:\/\/www.ernstbrunn-apotheke.at\/katalog\/wp-json\/wp\/v2\/types\/product"}],"wp:featuredmedia":[{"embeddable":true,"href":"https:\/\/www.ernstbrunn-apotheke.at\/katalog\/wp-json\/wp\/v2\/media\/142436"}],"wp:attachment":[{"href":"https:\/\/www.ernstbrunn-apotheke.at\/katalog\/wp-json\/wp\/v2\/media?parent=142434"}],"wp:term":[{"taxonomy":"product_brand","embeddable":true,"href":"https:\/\/www.ernstbrunn-apotheke.at\/katalog\/wp-json\/wp\/v2\/product_brand?post=142434"},{"taxonomy":"product_cat","embeddable":true,"href":"https:\/\/www.ernstbrunn-apotheke.at\/katalog\/wp-json\/wp\/v2\/product_cat?post=142434"},{"taxonomy":"product_tag","embeddable":true,"href":"https:\/\/www.ernstbrunn-apotheke.at\/katalog\/wp-json\/wp\/v2\/product_tag?post=142434"}],"curies":[{"name":"wp","href":"https:\/\/api.w.org\/{rel}","templated":true}]}}