{"id":142424,"date":"2025-11-14T21:34:46","date_gmt":"2025-11-14T20:34:46","guid":{"rendered":"https:\/\/www.ernstbrunn-apotheke.at\/katalog\/produkt\/tetesept-tiefen-entspannung-gesundheitsbad-125-ml\/"},"modified":"2025-12-09T10:45:53","modified_gmt":"2025-12-09T09:45:53","slug":"tetesept-tiefen-entspannung-gesundheitsbad-125-ml","status":"publish","type":"product","link":"https:\/\/www.ernstbrunn-apotheke.at\/katalog\/produkt\/tetesept-tiefen-entspannung-gesundheitsbad-125-ml\/","title":{"rendered":"Tetesept Tiefen-Entspannung Gesundheitsbad 125 ml"},"content":{"rendered":"<p>Tetesept Tiefen-Entspannung Gesundheitsbad ist mit \u00e4therischen \u00d6len aus Jasmin, Wolkenblumenextrakt und Indischer Melisse angereichert und sorgt f\u00fcr pure Entspannung von K\u00f6rper und Geist. Mit diesem Badezusatz sp\u00fcren Sie w\u00e4hrend des Badens sowie Stunden danach einen v\u00f6llig ausgeglichenen Zustand, Anspannungen werden gel\u00f6st und das allgemeine Wohlbefinden gesteigert &#8211; alle Produkte von tetesept mit hohem Rabatt bestellen!<\/p>\n","protected":false},"excerpt":{"rendered":"<p>Tetesept Tiefen-Entspannung Gesundheitsbad ist mit \u00e4therischen \u00d6len aus Jasmin, Wolkenblumenextrakt und Indischer Melisse angereichert und sorgt f\u00fcr pure Entspannung von K\u00f6rper und Geist. Mit diesem Badezusatz sp\u00fcren Sie w\u00e4hrend des Badens sowie Stunden danach einen v\u00f6llig ausgeglichenen Zustand, Anspannungen werden gel\u00f6st und das allgemeine Wohlbefinden gesteigert &#8211; alle Produkte von tetesept mit hohem Rabatt bestellen!<\/p>\n","protected":false},"featured_media":142426,"template":"","meta":{"_acf_changed":false},"product_brand":[],"product_cat":[798],"product_tag":[],"class_list":{"0":"post-142424","1":"product","2":"type-product","3":"status-publish","4":"has-post-thumbnail","6":"product_cat-t","7":"pa_packungsgroesse-125ml","9":"first","10":"instock","11":"shipping-taxable","12":"purchasable","13":"product-type-simple"},"acf":[],"_links":{"self":[{"href":"https:\/\/www.ernstbrunn-apotheke.at\/katalog\/wp-json\/wp\/v2\/product\/142424","targetHints":{"allow":["GET"]}}],"collection":[{"href":"https:\/\/www.ernstbrunn-apotheke.at\/katalog\/wp-json\/wp\/v2\/product"}],"about":[{"href":"https:\/\/www.ernstbrunn-apotheke.at\/katalog\/wp-json\/wp\/v2\/types\/product"}],"wp:featuredmedia":[{"embeddable":true,"href":"https:\/\/www.ernstbrunn-apotheke.at\/katalog\/wp-json\/wp\/v2\/media\/142426"}],"wp:attachment":[{"href":"https:\/\/www.ernstbrunn-apotheke.at\/katalog\/wp-json\/wp\/v2\/media?parent=142424"}],"wp:term":[{"taxonomy":"product_brand","embeddable":true,"href":"https:\/\/www.ernstbrunn-apotheke.at\/katalog\/wp-json\/wp\/v2\/product_brand?post=142424"},{"taxonomy":"product_cat","embeddable":true,"href":"https:\/\/www.ernstbrunn-apotheke.at\/katalog\/wp-json\/wp\/v2\/product_cat?post=142424"},{"taxonomy":"product_tag","embeddable":true,"href":"https:\/\/www.ernstbrunn-apotheke.at\/katalog\/wp-json\/wp\/v2\/product_tag?post=142424"}],"curies":[{"name":"wp","href":"https:\/\/api.w.org\/{rel}","templated":true}]}}