{"id":142364,"date":"2025-11-14T21:32:54","date_gmt":"2025-11-14T20:32:54","guid":{"rendered":"https:\/\/www.ernstbrunn-apotheke.at\/katalog\/produkt\/plasma-liquid-ohrentropfengel-8-ml\/"},"modified":"2025-12-09T10:45:49","modified_gmt":"2025-12-09T09:45:49","slug":"plasma-liquid-ohrentropfengel-8-ml","status":"publish","type":"product","link":"https:\/\/www.ernstbrunn-apotheke.at\/katalog\/produkt\/plasma-liquid-ohrentropfengel-8-ml\/","title":{"rendered":"Plasma Liquid Ohrentropfengel 8 ml"},"content":{"rendered":"<p>Plasma Liquid Ohrentropfengel ist ein zertifiziertes Medizinprodukt und eignet sich zur physikalisch unterst\u00fctzenden Behandlung von Entz\u00fcndungen des \u00e4u\u00dferen Geh\u00f6rgangs. Plasma Liquid reinigt und dekontaminiert zuverl\u00e4ssig 99,9 % aller relevanten Erreger, einschlie\u00dflich MRSA.<\/p>\n","protected":false},"excerpt":{"rendered":"<p>Plasma Liquid Ohrentropfengel ist ein zertifiziertes Medizinprodukt und eignet sich zur physikalisch unterst\u00fctzenden Behandlung von Entz\u00fcndungen des \u00e4u\u00dferen Geh\u00f6rgangs. Plasma Liquid reinigt und dekontaminiert zuverl\u00e4ssig 99,9 % aller relevanten Erreger, einschlie\u00dflich MRSA.<\/p>\n","protected":false},"featured_media":142366,"template":"","meta":{"_acf_changed":false},"product_brand":[],"product_cat":[793],"product_tag":[],"class_list":{"0":"post-142364","1":"product","2":"type-product","3":"status-publish","4":"has-post-thumbnail","6":"product_cat-p","7":"pa_packungsgroesse-8ml","9":"first","10":"instock","11":"shipping-taxable","12":"purchasable","13":"product-type-simple"},"acf":[],"_links":{"self":[{"href":"https:\/\/www.ernstbrunn-apotheke.at\/katalog\/wp-json\/wp\/v2\/product\/142364","targetHints":{"allow":["GET"]}}],"collection":[{"href":"https:\/\/www.ernstbrunn-apotheke.at\/katalog\/wp-json\/wp\/v2\/product"}],"about":[{"href":"https:\/\/www.ernstbrunn-apotheke.at\/katalog\/wp-json\/wp\/v2\/types\/product"}],"wp:featuredmedia":[{"embeddable":true,"href":"https:\/\/www.ernstbrunn-apotheke.at\/katalog\/wp-json\/wp\/v2\/media\/142366"}],"wp:attachment":[{"href":"https:\/\/www.ernstbrunn-apotheke.at\/katalog\/wp-json\/wp\/v2\/media?parent=142364"}],"wp:term":[{"taxonomy":"product_brand","embeddable":true,"href":"https:\/\/www.ernstbrunn-apotheke.at\/katalog\/wp-json\/wp\/v2\/product_brand?post=142364"},{"taxonomy":"product_cat","embeddable":true,"href":"https:\/\/www.ernstbrunn-apotheke.at\/katalog\/wp-json\/wp\/v2\/product_cat?post=142364"},{"taxonomy":"product_tag","embeddable":true,"href":"https:\/\/www.ernstbrunn-apotheke.at\/katalog\/wp-json\/wp\/v2\/product_tag?post=142364"}],"curies":[{"name":"wp","href":"https:\/\/api.w.org\/{rel}","templated":true}]}}