{"id":142338,"date":"2025-11-14T21:32:03","date_gmt":"2025-11-14T20:32:03","guid":{"rendered":"https:\/\/www.ernstbrunn-apotheke.at\/katalog\/produkt\/lactojoy-14-500-fcc-tabletten-80stk\/"},"modified":"2025-12-09T10:45:47","modified_gmt":"2025-12-09T09:45:47","slug":"lactojoy-14-500-fcc-tabletten-80stk","status":"publish","type":"product","link":"https:\/\/www.ernstbrunn-apotheke.at\/katalog\/produkt\/lactojoy-14-500-fcc-tabletten-80stk\/","title":{"rendered":"Lactojoy 14.500 FCC Tabletten 80Stk."},"content":{"rendered":"<p>Lactojoy 14.500 FCC Tabletten 80Stk. sind eine der qualitativ hochwertigsten und zugleich eine der preisg\u00fcnstigsten Laktase-Tabletten auf dem weltweiten Markt.Weil uns hohe Qualit\u00e4t am Herzen liegt, ist LactoJoy frei von chemischen Zus\u00e4tzen. Es besteht lediglich aus Laktase und pflanzlichen Trennstoffen. Die Tabletten sind nat\u00fcrlich auch frei von tierischen Bestandteilen, S\u00fc\u00dfungsmitteln und Farbstoffen.LactoJoy ist au\u00dferdem mit 14.500 FCC-Einheiten relativ hoch dosiert. Das erm\u00f6glicht dir eine hohe Wirksamkeit. Da Laktase nicht \u00fcberdosiert werden kann und keine Nebenwirkungen aufweist, dachten wir uns: Spar dir die Sorge dar\u00fcber, wie viel Milchzucker in deiner Mahlzeit enthalten ist. Denn das ist sowieso meistens nicht eindeutig herauszufinden. Bei der hochdosierten Laktase wird der Milchzucker in der Mahlzeit zuverl\u00e4ssig gespalten.Wenn du dennoch mal eine niedrigere Dosierung w\u00fcnschst, halbierst du einfach die LactoJoy-Tablette. Dank der integrierten Sollbruchkante ist das n\u00e4mlich kinderleicht.Bei der Herstellung von LacoJoy war es uns wichtig, dass die Tabletten besonders leicht zu kauen und zu schlucken sind. Deswegen lautete unser Ziel, die kleinstm\u00f6gliche Laktase-Tablette zu produzieren, die es in dieser Dosierung bis dato auf dem Markt gibt. Damit du deine Mahlzeiten auch richtig genie\u00dfen kannst, haben wir uns au\u00dferdem f\u00fcr eine geschmacksneutrale Tablette entschieden, nat\u00fcrlich frei von k\u00fcnstlichen Aromen.Qualit\u00e4t h\u00f6rt \u00fcbrigens nicht bei der Tablette auf. Die stylische Verpackung und das hochwertige Design m\u00f6chten ein Statement setzen: Dass Laktoseintoleranz keine Krankheit ist, sondern eher die Normalit\u00e4t. Bisher vermittelten die Verpackungen von Laktase-Pr\u00e4paraten immer den Eindruck eines Medizinprodukts vergangener Tage. Wir m\u00f6chten uns an die Realit\u00e4t unserer Zeit anpassen und den derzeitigen Lifestylecharakter widerspiegeln.<\/p>\n","protected":false},"excerpt":{"rendered":"<p>Lactojoy 14.500 FCC Tabletten 80Stk. sind eine der qualitativ hochwertigsten und zugleich eine der preisg\u00fcnstigsten Laktase-Tabletten auf dem weltweiten Markt.Weil uns hohe Qualit\u00e4t am Herzen liegt, ist LactoJoy frei von chemischen Zus\u00e4tzen. Es besteht lediglich aus Laktase und pflanzlichen Trennstoffen. Die Tabletten sind nat\u00fcrlich auch frei von tierischen Bestandteilen, S\u00fc\u00dfungsmitteln und Farbstoffen.LactoJoy ist au\u00dferdem mit [&hellip;]<\/p>\n","protected":false},"featured_media":142340,"template":"","meta":{"_acf_changed":false},"product_brand":[],"product_cat":[795],"product_tag":[],"class_list":{"0":"post-142338","1":"product","2":"type-product","3":"status-publish","4":"has-post-thumbnail","6":"product_cat-l","7":"pa_packungsgroesse-80-stueck","9":"first","10":"instock","11":"shipping-taxable","12":"purchasable","13":"product-type-simple"},"acf":[],"_links":{"self":[{"href":"https:\/\/www.ernstbrunn-apotheke.at\/katalog\/wp-json\/wp\/v2\/product\/142338","targetHints":{"allow":["GET"]}}],"collection":[{"href":"https:\/\/www.ernstbrunn-apotheke.at\/katalog\/wp-json\/wp\/v2\/product"}],"about":[{"href":"https:\/\/www.ernstbrunn-apotheke.at\/katalog\/wp-json\/wp\/v2\/types\/product"}],"wp:featuredmedia":[{"embeddable":true,"href":"https:\/\/www.ernstbrunn-apotheke.at\/katalog\/wp-json\/wp\/v2\/media\/142340"}],"wp:attachment":[{"href":"https:\/\/www.ernstbrunn-apotheke.at\/katalog\/wp-json\/wp\/v2\/media?parent=142338"}],"wp:term":[{"taxonomy":"product_brand","embeddable":true,"href":"https:\/\/www.ernstbrunn-apotheke.at\/katalog\/wp-json\/wp\/v2\/product_brand?post=142338"},{"taxonomy":"product_cat","embeddable":true,"href":"https:\/\/www.ernstbrunn-apotheke.at\/katalog\/wp-json\/wp\/v2\/product_cat?post=142338"},{"taxonomy":"product_tag","embeddable":true,"href":"https:\/\/www.ernstbrunn-apotheke.at\/katalog\/wp-json\/wp\/v2\/product_tag?post=142338"}],"curies":[{"name":"wp","href":"https:\/\/api.w.org\/{rel}","templated":true}]}}