{"id":14232,"date":"2025-11-07T15:19:48","date_gmt":"2025-11-07T14:19:48","guid":{"rendered":"https:\/\/www.ernstbrunn-apotheke.at\/katalog\/produkt\/apoforce-sachets-heisser-salbei-10-stk\/"},"modified":"2025-12-08T13:38:21","modified_gmt":"2025-12-08T12:38:21","slug":"apoforce-sachets-heisser-salbei-10-stk","status":"publish","type":"product","link":"https:\/\/www.ernstbrunn-apotheke.at\/katalog\/produkt\/apoforce-sachets-heisser-salbei-10-stk\/","title":{"rendered":"Apoforce Sachets Hei\u00dfer Salbei 10 Stk."},"content":{"rendered":"<p>Apoforce Sachets Hei\u00dfer Salbei beinhaltet Honig und hitzestabiles Vitamin C. Au\u00dferdem eignet es sich hervorragend f\u00fcr den Genuss bei hei\u00dfen Temperaturen. Mit Salbeiextraktpulver. Diese Sachets erhalten Sie in den Geschmacksrichtungen Hei\u00dfe Orange, Hei\u00dfer Holunder zuckerfrei, Hei\u00dfer Holunder, Zitrone zuckerfrei, Hei\u00dfe Zitrone und Hei\u00dfer Salbei.<\/p>\n","protected":false},"excerpt":{"rendered":"<p>Apoforce Sachets Hei\u00dfer Salbei beinhaltet Honig und hitzestabiles Vitamin C. Au\u00dferdem eignet es sich hervorragend f\u00fcr den Genuss bei hei\u00dfen Temperaturen. Mit Salbeiextraktpulver. Diese Sachets erhalten Sie in den Geschmacksrichtungen Hei\u00dfe Orange, Hei\u00dfer Holunder zuckerfrei, Hei\u00dfer Holunder, Zitrone zuckerfrei, Hei\u00dfe Zitrone und Hei\u00dfer Salbei.<\/p>\n","protected":false},"featured_media":14234,"template":"","meta":{"_acf_changed":false},"product_brand":[],"product_cat":[801],"product_tag":[],"class_list":{"0":"post-14232","1":"product","2":"type-product","3":"status-publish","4":"has-post-thumbnail","6":"product_cat-a","7":"pa_packungsgroesse-10-beutel","9":"first","10":"instock","11":"shipping-taxable","12":"purchasable","13":"product-type-simple"},"acf":[],"_links":{"self":[{"href":"https:\/\/www.ernstbrunn-apotheke.at\/katalog\/wp-json\/wp\/v2\/product\/14232","targetHints":{"allow":["GET"]}}],"collection":[{"href":"https:\/\/www.ernstbrunn-apotheke.at\/katalog\/wp-json\/wp\/v2\/product"}],"about":[{"href":"https:\/\/www.ernstbrunn-apotheke.at\/katalog\/wp-json\/wp\/v2\/types\/product"}],"wp:featuredmedia":[{"embeddable":true,"href":"https:\/\/www.ernstbrunn-apotheke.at\/katalog\/wp-json\/wp\/v2\/media\/14234"}],"wp:attachment":[{"href":"https:\/\/www.ernstbrunn-apotheke.at\/katalog\/wp-json\/wp\/v2\/media?parent=14232"}],"wp:term":[{"taxonomy":"product_brand","embeddable":true,"href":"https:\/\/www.ernstbrunn-apotheke.at\/katalog\/wp-json\/wp\/v2\/product_brand?post=14232"},{"taxonomy":"product_cat","embeddable":true,"href":"https:\/\/www.ernstbrunn-apotheke.at\/katalog\/wp-json\/wp\/v2\/product_cat?post=14232"},{"taxonomy":"product_tag","embeddable":true,"href":"https:\/\/www.ernstbrunn-apotheke.at\/katalog\/wp-json\/wp\/v2\/product_tag?post=14232"}],"curies":[{"name":"wp","href":"https:\/\/api.w.org\/{rel}","templated":true}]}}