{"id":142258,"date":"2025-11-14T21:29:10","date_gmt":"2025-11-14T20:29:10","guid":{"rendered":"https:\/\/www.ernstbrunn-apotheke.at\/katalog\/produkt\/thyrositol-tabletten-30-stk\/"},"modified":"2025-12-09T10:45:43","modified_gmt":"2025-12-09T09:45:43","slug":"thyrositol-tabletten-30-stk","status":"publish","type":"product","link":"https:\/\/www.ernstbrunn-apotheke.at\/katalog\/produkt\/thyrositol-tabletten-30-stk\/","title":{"rendered":"Thyrositol Tabletten 30 Stk."},"content":{"rendered":"<p>Thyrositol ist ein Nahrungserg\u00e4nzungsmittel f\u00fcr besondere medizinische Zwecke (bilanzierte Di\u00e4t) und zum Di\u00e4tmanagement bei sublinischer Hypothyreose.<\/p>\n","protected":false},"excerpt":{"rendered":"<p>Thyrositol ist ein Nahrungserg\u00e4nzungsmittel f\u00fcr besondere medizinische Zwecke (bilanzierte Di\u00e4t) und zum Di\u00e4tmanagement bei sublinischer Hypothyreose.<\/p>\n","protected":false},"featured_media":142260,"template":"","meta":{"_acf_changed":false},"product_brand":[],"product_cat":[798],"product_tag":[],"class_list":{"0":"post-142258","1":"product","2":"type-product","3":"status-publish","4":"has-post-thumbnail","6":"product_cat-t","7":"pa_packungsgroesse-30-stueck","9":"first","10":"instock","11":"shipping-taxable","12":"purchasable","13":"product-type-simple"},"acf":[],"_links":{"self":[{"href":"https:\/\/www.ernstbrunn-apotheke.at\/katalog\/wp-json\/wp\/v2\/product\/142258","targetHints":{"allow":["GET"]}}],"collection":[{"href":"https:\/\/www.ernstbrunn-apotheke.at\/katalog\/wp-json\/wp\/v2\/product"}],"about":[{"href":"https:\/\/www.ernstbrunn-apotheke.at\/katalog\/wp-json\/wp\/v2\/types\/product"}],"wp:featuredmedia":[{"embeddable":true,"href":"https:\/\/www.ernstbrunn-apotheke.at\/katalog\/wp-json\/wp\/v2\/media\/142260"}],"wp:attachment":[{"href":"https:\/\/www.ernstbrunn-apotheke.at\/katalog\/wp-json\/wp\/v2\/media?parent=142258"}],"wp:term":[{"taxonomy":"product_brand","embeddable":true,"href":"https:\/\/www.ernstbrunn-apotheke.at\/katalog\/wp-json\/wp\/v2\/product_brand?post=142258"},{"taxonomy":"product_cat","embeddable":true,"href":"https:\/\/www.ernstbrunn-apotheke.at\/katalog\/wp-json\/wp\/v2\/product_cat?post=142258"},{"taxonomy":"product_tag","embeddable":true,"href":"https:\/\/www.ernstbrunn-apotheke.at\/katalog\/wp-json\/wp\/v2\/product_tag?post=142258"}],"curies":[{"name":"wp","href":"https:\/\/api.w.org\/{rel}","templated":true}]}}