{"id":142208,"date":"2025-11-14T21:27:12","date_gmt":"2025-11-14T20:27:12","guid":{"rendered":"https:\/\/www.ernstbrunn-apotheke.at\/katalog\/produkt\/enzborn-totes-meer-handcreme-mild\/"},"modified":"2025-12-09T10:45:40","modified_gmt":"2025-12-09T09:45:40","slug":"enzborn-totes-meer-handcreme-mild","status":"publish","type":"product","link":"https:\/\/www.ernstbrunn-apotheke.at\/katalog\/produkt\/enzborn-totes-meer-handcreme-mild\/","title":{"rendered":"Enzborn Totes Meer Handcreme Mild"},"content":{"rendered":"<p>Enzborn Totes Meer Handcreme Mild ist eine besonders hautfreundliche Pflegecreme f\u00fcr die trockenen und empfindlichen H\u00e4nde. Die einzigartige Salz- und Mineralzusammensetzung des Toten Meer Salzes werden durch spezielle Pflegestoffe wie hochwertiges Jojoba\u00f6l und Glycerin erg\u00e4nzt und sch\u00fctzen die Haut vor Feuchtigkeitsverlust und Juckreiz. Der Balsam zieht schnell ein und Ihre H\u00e4nde werden sp\u00fcrbar weich und geschmeidig.<\/p>\n","protected":false},"excerpt":{"rendered":"<p>Enzborn Totes Meer Handcreme Mild ist eine besonders hautfreundliche Pflegecreme f\u00fcr die trockenen und empfindlichen H\u00e4nde. Die einzigartige Salz- und Mineralzusammensetzung des Toten Meer Salzes werden durch spezielle Pflegestoffe wie hochwertiges Jojoba\u00f6l und Glycerin erg\u00e4nzt und sch\u00fctzen die Haut vor Feuchtigkeitsverlust und Juckreiz. Der Balsam zieht schnell ein und Ihre H\u00e4nde werden sp\u00fcrbar weich und [&hellip;]<\/p>\n","protected":false},"featured_media":142210,"template":"","meta":{"_acf_changed":false},"product_brand":[],"product_cat":[794],"product_tag":[],"class_list":{"0":"post-142208","1":"product","2":"type-product","3":"status-publish","4":"has-post-thumbnail","6":"product_cat-e","7":"pa_packungsgroesse-75ml","9":"first","10":"instock","11":"shipping-taxable","12":"purchasable","13":"product-type-simple"},"acf":[],"_links":{"self":[{"href":"https:\/\/www.ernstbrunn-apotheke.at\/katalog\/wp-json\/wp\/v2\/product\/142208","targetHints":{"allow":["GET"]}}],"collection":[{"href":"https:\/\/www.ernstbrunn-apotheke.at\/katalog\/wp-json\/wp\/v2\/product"}],"about":[{"href":"https:\/\/www.ernstbrunn-apotheke.at\/katalog\/wp-json\/wp\/v2\/types\/product"}],"wp:featuredmedia":[{"embeddable":true,"href":"https:\/\/www.ernstbrunn-apotheke.at\/katalog\/wp-json\/wp\/v2\/media\/142210"}],"wp:attachment":[{"href":"https:\/\/www.ernstbrunn-apotheke.at\/katalog\/wp-json\/wp\/v2\/media?parent=142208"}],"wp:term":[{"taxonomy":"product_brand","embeddable":true,"href":"https:\/\/www.ernstbrunn-apotheke.at\/katalog\/wp-json\/wp\/v2\/product_brand?post=142208"},{"taxonomy":"product_cat","embeddable":true,"href":"https:\/\/www.ernstbrunn-apotheke.at\/katalog\/wp-json\/wp\/v2\/product_cat?post=142208"},{"taxonomy":"product_tag","embeddable":true,"href":"https:\/\/www.ernstbrunn-apotheke.at\/katalog\/wp-json\/wp\/v2\/product_tag?post=142208"}],"curies":[{"name":"wp","href":"https:\/\/api.w.org\/{rel}","templated":true}]}}