{"id":14219,"date":"2025-11-07T15:19:48","date_gmt":"2025-11-07T14:19:48","guid":{"rendered":"https:\/\/www.ernstbrunn-apotheke.at\/katalog\/produkt\/apoforce-sachets-heisser-holunder-zuckerfrei-10-stk\/"},"modified":"2025-12-08T13:38:18","modified_gmt":"2025-12-08T12:38:18","slug":"apoforce-sachets-heisser-holunder-zuckerfrei-10-stk","status":"publish","type":"product","link":"https:\/\/www.ernstbrunn-apotheke.at\/katalog\/produkt\/apoforce-sachets-heisser-holunder-zuckerfrei-10-stk\/","title":{"rendered":"Apoforce Sachets Hei\u00dfer Holunder zuckerfrei 10 Stk."},"content":{"rendered":"<p>Apoforce Sachets Hei\u00dfer Holunder zuckerfrei  ist die Basis f\u00fcr ein Hei\u00dfgetr\u00e4nk mit dem fruchtigen Saftpulver der Holunderbeere. Die Inhaltsstoffe Vitamin C und Magnesium wirken wohltuend auf den K\u00f6rper.<\/p>\n","protected":false},"excerpt":{"rendered":"<p>Apoforce Sachets Hei\u00dfer Holunder zuckerfrei ist die Basis f\u00fcr ein Hei\u00dfgetr\u00e4nk mit dem fruchtigen Saftpulver der Holunderbeere. Die Inhaltsstoffe Vitamin C und Magnesium wirken wohltuend auf den K\u00f6rper.<\/p>\n","protected":false},"featured_media":14221,"template":"","meta":{"_acf_changed":false},"product_brand":[],"product_cat":[801],"product_tag":[],"class_list":{"0":"post-14219","1":"product","2":"type-product","3":"status-publish","4":"has-post-thumbnail","6":"product_cat-a","7":"pa_packungsgroesse-10-beutel","9":"first","10":"instock","11":"shipping-taxable","12":"purchasable","13":"product-type-simple"},"acf":[],"_links":{"self":[{"href":"https:\/\/www.ernstbrunn-apotheke.at\/katalog\/wp-json\/wp\/v2\/product\/14219","targetHints":{"allow":["GET"]}}],"collection":[{"href":"https:\/\/www.ernstbrunn-apotheke.at\/katalog\/wp-json\/wp\/v2\/product"}],"about":[{"href":"https:\/\/www.ernstbrunn-apotheke.at\/katalog\/wp-json\/wp\/v2\/types\/product"}],"wp:featuredmedia":[{"embeddable":true,"href":"https:\/\/www.ernstbrunn-apotheke.at\/katalog\/wp-json\/wp\/v2\/media\/14221"}],"wp:attachment":[{"href":"https:\/\/www.ernstbrunn-apotheke.at\/katalog\/wp-json\/wp\/v2\/media?parent=14219"}],"wp:term":[{"taxonomy":"product_brand","embeddable":true,"href":"https:\/\/www.ernstbrunn-apotheke.at\/katalog\/wp-json\/wp\/v2\/product_brand?post=14219"},{"taxonomy":"product_cat","embeddable":true,"href":"https:\/\/www.ernstbrunn-apotheke.at\/katalog\/wp-json\/wp\/v2\/product_cat?post=14219"},{"taxonomy":"product_tag","embeddable":true,"href":"https:\/\/www.ernstbrunn-apotheke.at\/katalog\/wp-json\/wp\/v2\/product_tag?post=14219"}],"curies":[{"name":"wp","href":"https:\/\/api.w.org\/{rel}","templated":true}]}}