{"id":142174,"date":"2025-11-14T21:26:28","date_gmt":"2025-11-14T20:26:28","guid":{"rendered":"https:\/\/www.ernstbrunn-apotheke.at\/katalog\/produkt\/puressentiel-anti-stich-spray-75-ml\/"},"modified":"2025-12-09T10:45:38","modified_gmt":"2025-12-09T09:45:38","slug":"puressentiel-anti-stich-spray-75-ml","status":"publish","type":"product","link":"https:\/\/www.ernstbrunn-apotheke.at\/katalog\/produkt\/puressentiel-anti-stich-spray-75-ml\/","title":{"rendered":"Puressentiel Anti-Stich Spray 75 ml"},"content":{"rendered":"<p>Das Puressentiel Anti-Stich Spray 75 ml hat eine doppelte Wirkung: Abwehrend und Beruhigend. Abwehrend: Dank dem kraftvollen Wirkstoff pflanzlichen Ursprungs auf Basis des \u00e4therischen \u00d6ls vom Zitroneneukalyptus werden M\u00fccken in Befallszonen, den gem\u00e4\u00dfigten und tropischen Breiten und andere stechende Insekten (Zecken, Sandm\u00fccken) erfolgreich in die Flucht geschlagen. Das Produkt ist ein m\u00f6gliches Mittel vor allem im Kampf gegen die \u00dcbertr\u00e4ger folgender Krankheiten: Zika-Virus-Infektion, Malaria, Denguefieber, Gelbfieber, Chikungunyafieber und Lyme-Borreliose. Wirksamkeit im Labor getestet: bis zu 7 Stunden gegen Tigerm\u00fccken (Aedes albopictus), Gemeine Stechm\u00fccken (Culex pipiens) und Sandm\u00fccken (Phlebotomus duboscqi)  bis zu 6.5 Stunden gegen Tropenm\u00fccken (Aedes aegypti und Anopheles gambiae) sowie bis zu 5 Stunden gegen Zecken (Ixodes ricinus). Durch Baden oder Schwitzen kann sich die Dauer des Schutzes verringern. Beruhigend: Dieses Produkt eignet sich au\u00dferdem bei Stichen zur sofortigen Linderung dank seiner 5 \u00e4therischen \u00d6le (Teebaum, Zitronengras, Lavandin grosso, Niaouli und Pfefferminze).<\/p>\n","protected":false},"excerpt":{"rendered":"<p>Das Puressentiel Anti-Stich Spray 75 ml hat eine doppelte Wirkung: Abwehrend und Beruhigend. Abwehrend: Dank dem kraftvollen Wirkstoff pflanzlichen Ursprungs auf Basis des \u00e4therischen \u00d6ls vom Zitroneneukalyptus werden M\u00fccken in Befallszonen, den gem\u00e4\u00dfigten und tropischen Breiten und andere stechende Insekten (Zecken, Sandm\u00fccken) erfolgreich in die Flucht geschlagen. Das Produkt ist ein m\u00f6gliches Mittel vor allem [&hellip;]<\/p>\n","protected":false},"featured_media":142176,"template":"","meta":{"_acf_changed":false},"product_brand":[],"product_cat":[793],"product_tag":[],"class_list":{"0":"post-142174","1":"product","2":"type-product","3":"status-publish","4":"has-post-thumbnail","6":"product_cat-p","7":"pa_packungsgroesse-75ml","9":"first","10":"instock","11":"shipping-taxable","12":"purchasable","13":"product-type-simple"},"acf":[],"_links":{"self":[{"href":"https:\/\/www.ernstbrunn-apotheke.at\/katalog\/wp-json\/wp\/v2\/product\/142174","targetHints":{"allow":["GET"]}}],"collection":[{"href":"https:\/\/www.ernstbrunn-apotheke.at\/katalog\/wp-json\/wp\/v2\/product"}],"about":[{"href":"https:\/\/www.ernstbrunn-apotheke.at\/katalog\/wp-json\/wp\/v2\/types\/product"}],"wp:featuredmedia":[{"embeddable":true,"href":"https:\/\/www.ernstbrunn-apotheke.at\/katalog\/wp-json\/wp\/v2\/media\/142176"}],"wp:attachment":[{"href":"https:\/\/www.ernstbrunn-apotheke.at\/katalog\/wp-json\/wp\/v2\/media?parent=142174"}],"wp:term":[{"taxonomy":"product_brand","embeddable":true,"href":"https:\/\/www.ernstbrunn-apotheke.at\/katalog\/wp-json\/wp\/v2\/product_brand?post=142174"},{"taxonomy":"product_cat","embeddable":true,"href":"https:\/\/www.ernstbrunn-apotheke.at\/katalog\/wp-json\/wp\/v2\/product_cat?post=142174"},{"taxonomy":"product_tag","embeddable":true,"href":"https:\/\/www.ernstbrunn-apotheke.at\/katalog\/wp-json\/wp\/v2\/product_tag?post=142174"}],"curies":[{"name":"wp","href":"https:\/\/api.w.org\/{rel}","templated":true}]}}