{"id":142154,"date":"2025-11-14T21:25:47","date_gmt":"2025-11-14T20:25:47","guid":{"rendered":"https:\/\/www.ernstbrunn-apotheke.at\/katalog\/produkt\/burgerstein-anti-ox-komplex-kapseln-60-stk\/"},"modified":"2025-12-09T10:45:36","modified_gmt":"2025-12-09T09:45:36","slug":"burgerstein-anti-ox-komplex-kapseln-60-stk","status":"publish","type":"product","link":"https:\/\/www.ernstbrunn-apotheke.at\/katalog\/produkt\/burgerstein-anti-ox-komplex-kapseln-60-stk\/","title":{"rendered":"Burgerstein Anti-Ox-Komplex Kapseln 60 Stk."},"content":{"rendered":"<p>Burgerstein Anti-Ox-Komplex enth\u00e4lt eine Kombination fett- und wasserl\u00f6slicher Antioxidantien, die auf verschiedenen zellul\u00e4ren Ebenen beitragen, vor oxidativem Stress zu sch\u00fctzen. Erg\u00e4nzt wird die Formulierung durch Astaxanthin, Tocotrienole, L-Cystein sowie einem patentierten Gem\u00fcse- und Fr\u00fcchteextrakt (Spectra). Spectra ist eine rein nat\u00fcrliche, wissenschaftlich gepr\u00fcfte Formel aus Fr\u00fcchten, Gem\u00fcse und Kr\u00e4utern, die nachweislich die Produktion freier Radikale hemmt, die zellul\u00e4re Stoffwechselaktivit\u00e4t optimiert und den Stickstoffoxid-Spiegel im menschlichen K\u00f6rper anhebt.Welche Aspekte k\u00f6nnen zu erh\u00f6htem oxidativem Stress f\u00fchren? \u00fcberm\u00e4\u00dfiger Alkoholkonsum Rauchen Stress Depressionen Schadstoffe (z.B. Abgase) Umweltgifte (z.B. Pestizide) Exzessiver Leistungssport Bestimmte Medikamente Krankheiten, Entz\u00fcndungen und Operationen<\/p>\n","protected":false},"excerpt":{"rendered":"<p>Burgerstein Anti-Ox-Komplex enth\u00e4lt eine Kombination fett- und wasserl\u00f6slicher Antioxidantien, die auf verschiedenen zellul\u00e4ren Ebenen beitragen, vor oxidativem Stress zu sch\u00fctzen. Erg\u00e4nzt wird die Formulierung durch Astaxanthin, Tocotrienole, L-Cystein sowie einem patentierten Gem\u00fcse- und Fr\u00fcchteextrakt (Spectra). Spectra ist eine rein nat\u00fcrliche, wissenschaftlich gepr\u00fcfte Formel aus Fr\u00fcchten, Gem\u00fcse und Kr\u00e4utern, die nachweislich die Produktion freier Radikale hemmt, [&hellip;]<\/p>\n","protected":false},"featured_media":142156,"template":"","meta":{"_acf_changed":false},"product_brand":[],"product_cat":[802],"product_tag":[],"class_list":{"0":"post-142154","1":"product","2":"type-product","3":"status-publish","4":"has-post-thumbnail","6":"product_cat-b","7":"pa_packungsgroesse-60-stueck","9":"first","10":"instock","11":"shipping-taxable","12":"purchasable","13":"product-type-simple"},"acf":[],"_links":{"self":[{"href":"https:\/\/www.ernstbrunn-apotheke.at\/katalog\/wp-json\/wp\/v2\/product\/142154","targetHints":{"allow":["GET"]}}],"collection":[{"href":"https:\/\/www.ernstbrunn-apotheke.at\/katalog\/wp-json\/wp\/v2\/product"}],"about":[{"href":"https:\/\/www.ernstbrunn-apotheke.at\/katalog\/wp-json\/wp\/v2\/types\/product"}],"wp:featuredmedia":[{"embeddable":true,"href":"https:\/\/www.ernstbrunn-apotheke.at\/katalog\/wp-json\/wp\/v2\/media\/142156"}],"wp:attachment":[{"href":"https:\/\/www.ernstbrunn-apotheke.at\/katalog\/wp-json\/wp\/v2\/media?parent=142154"}],"wp:term":[{"taxonomy":"product_brand","embeddable":true,"href":"https:\/\/www.ernstbrunn-apotheke.at\/katalog\/wp-json\/wp\/v2\/product_brand?post=142154"},{"taxonomy":"product_cat","embeddable":true,"href":"https:\/\/www.ernstbrunn-apotheke.at\/katalog\/wp-json\/wp\/v2\/product_cat?post=142154"},{"taxonomy":"product_tag","embeddable":true,"href":"https:\/\/www.ernstbrunn-apotheke.at\/katalog\/wp-json\/wp\/v2\/product_tag?post=142154"}],"curies":[{"name":"wp","href":"https:\/\/api.w.org\/{rel}","templated":true}]}}