{"id":142050,"date":"2025-11-14T21:22:54","date_gmt":"2025-11-14T20:22:54","guid":{"rendered":"https:\/\/www.ernstbrunn-apotheke.at\/katalog\/produkt\/rausch-spezial-conditioner-mit-weidenrinde-150-ml\/"},"modified":"2025-12-09T10:45:24","modified_gmt":"2025-12-09T09:45:24","slug":"rausch-spezial-conditioner-mit-weidenrinde-150-ml","status":"publish","type":"product","link":"https:\/\/www.ernstbrunn-apotheke.at\/katalog\/produkt\/rausch-spezial-conditioner-mit-weidenrinde-150-ml\/","title":{"rendered":"RAUSCH Spezial-Conditioner mit Weidenrinde 150 ml"},"content":{"rendered":"<p>Der Conditioner bei fettigen Schuppen und juckender Kopfhaut. Er beruhigt die Kopfhaut und spendet angenehme Feuchtigkeit. Juckreiz und R\u00f6tungen werden gemildert und wichtige Kopfhautfunktionen reguliert. Er befreit zudem nachhaltig und mild von fettigen Schuppen und bek\u00e4mpft deren Ursache. Das Haar f\u00fchlt sich weich an und l\u00e4sst sich besser k\u00e4mmen. Bei regelm\u00e4ssiger Anwendung wird die Bildung neuer Schuppen verhindert. Mit Piroctone Olamine und Raps\u00f6l sowie auserw\u00e4hlten Extrakten aus Weidenrinde, Thymian, Lavendel und Rosmarin.<\/p>\n","protected":false},"excerpt":{"rendered":"<p>Der Conditioner bei fettigen Schuppen und juckender Kopfhaut. Er beruhigt die Kopfhaut und spendet angenehme Feuchtigkeit. Juckreiz und R\u00f6tungen werden gemildert und wichtige Kopfhautfunktionen reguliert. Er befreit zudem nachhaltig und mild von fettigen Schuppen und bek\u00e4mpft deren Ursache. Das Haar f\u00fchlt sich weich an und l\u00e4sst sich besser k\u00e4mmen. Bei regelm\u00e4ssiger Anwendung wird die Bildung [&hellip;]<\/p>\n","protected":false},"featured_media":142052,"template":"","meta":{"_acf_changed":false},"product_brand":[648],"product_cat":[808],"product_tag":[],"class_list":{"0":"post-142050","1":"product","2":"type-product","3":"status-publish","4":"has-post-thumbnail","6":"product_brand-rausch","7":"product_cat-r","8":"pa_packungsgroesse-150ml","10":"first","11":"instock","12":"shipping-taxable","13":"purchasable","14":"product-type-simple"},"acf":[],"_links":{"self":[{"href":"https:\/\/www.ernstbrunn-apotheke.at\/katalog\/wp-json\/wp\/v2\/product\/142050","targetHints":{"allow":["GET"]}}],"collection":[{"href":"https:\/\/www.ernstbrunn-apotheke.at\/katalog\/wp-json\/wp\/v2\/product"}],"about":[{"href":"https:\/\/www.ernstbrunn-apotheke.at\/katalog\/wp-json\/wp\/v2\/types\/product"}],"wp:featuredmedia":[{"embeddable":true,"href":"https:\/\/www.ernstbrunn-apotheke.at\/katalog\/wp-json\/wp\/v2\/media\/142052"}],"wp:attachment":[{"href":"https:\/\/www.ernstbrunn-apotheke.at\/katalog\/wp-json\/wp\/v2\/media?parent=142050"}],"wp:term":[{"taxonomy":"product_brand","embeddable":true,"href":"https:\/\/www.ernstbrunn-apotheke.at\/katalog\/wp-json\/wp\/v2\/product_brand?post=142050"},{"taxonomy":"product_cat","embeddable":true,"href":"https:\/\/www.ernstbrunn-apotheke.at\/katalog\/wp-json\/wp\/v2\/product_cat?post=142050"},{"taxonomy":"product_tag","embeddable":true,"href":"https:\/\/www.ernstbrunn-apotheke.at\/katalog\/wp-json\/wp\/v2\/product_tag?post=142050"}],"curies":[{"name":"wp","href":"https:\/\/api.w.org\/{rel}","templated":true}]}}