{"id":142038,"date":"2025-11-14T21:22:36","date_gmt":"2025-11-14T20:22:36","guid":{"rendered":"https:\/\/www.ernstbrunn-apotheke.at\/katalog\/produkt\/rausch-pflege-conditioner-mit-schweizer-kraeutern-150-ml\/"},"modified":"2025-12-09T10:45:21","modified_gmt":"2025-12-09T09:45:21","slug":"rausch-pflege-conditioner-mit-schweizer-kraeutern-150-ml","status":"publish","type":"product","link":"https:\/\/www.ernstbrunn-apotheke.at\/katalog\/produkt\/rausch-pflege-conditioner-mit-schweizer-kraeutern-150-ml\/","title":{"rendered":"Rausch Pflege-Conditioner mit Schweizer Kr\u00e4utern 150 ml"},"content":{"rendered":"<p>Der Conditioner f\u00fcr die ganze Familie. Er pflegt normales Haar auf milde Weise, entwirrt und sorgt so f\u00fcr eine bessere K\u00e4mmbarkeit, ohne zu beschweren. Sein harmonisch-milder Kr\u00e4uterduft stimuliert die Sinne der ganzen Familie. Mit auserw\u00e4hlten Extrakten aus Schweizer Kamillenbl\u00fcten, Zinnkraut und Spitzwegerich.<\/p>\n","protected":false},"excerpt":{"rendered":"<p>Der Conditioner f\u00fcr die ganze Familie. Er pflegt normales Haar auf milde Weise, entwirrt und sorgt so f\u00fcr eine bessere K\u00e4mmbarkeit, ohne zu beschweren. Sein harmonisch-milder Kr\u00e4uterduft stimuliert die Sinne der ganzen Familie. Mit auserw\u00e4hlten Extrakten aus Schweizer Kamillenbl\u00fcten, Zinnkraut und Spitzwegerich.<\/p>\n","protected":false},"featured_media":142040,"template":"","meta":{"_acf_changed":false},"product_brand":[648],"product_cat":[808],"product_tag":[],"class_list":{"0":"post-142038","1":"product","2":"type-product","3":"status-publish","4":"has-post-thumbnail","6":"product_brand-rausch","7":"product_cat-r","8":"pa_packungsgroesse-150ml","10":"first","11":"instock","12":"shipping-taxable","13":"purchasable","14":"product-type-simple"},"acf":[],"_links":{"self":[{"href":"https:\/\/www.ernstbrunn-apotheke.at\/katalog\/wp-json\/wp\/v2\/product\/142038","targetHints":{"allow":["GET"]}}],"collection":[{"href":"https:\/\/www.ernstbrunn-apotheke.at\/katalog\/wp-json\/wp\/v2\/product"}],"about":[{"href":"https:\/\/www.ernstbrunn-apotheke.at\/katalog\/wp-json\/wp\/v2\/types\/product"}],"wp:featuredmedia":[{"embeddable":true,"href":"https:\/\/www.ernstbrunn-apotheke.at\/katalog\/wp-json\/wp\/v2\/media\/142040"}],"wp:attachment":[{"href":"https:\/\/www.ernstbrunn-apotheke.at\/katalog\/wp-json\/wp\/v2\/media?parent=142038"}],"wp:term":[{"taxonomy":"product_brand","embeddable":true,"href":"https:\/\/www.ernstbrunn-apotheke.at\/katalog\/wp-json\/wp\/v2\/product_brand?post=142038"},{"taxonomy":"product_cat","embeddable":true,"href":"https:\/\/www.ernstbrunn-apotheke.at\/katalog\/wp-json\/wp\/v2\/product_cat?post=142038"},{"taxonomy":"product_tag","embeddable":true,"href":"https:\/\/www.ernstbrunn-apotheke.at\/katalog\/wp-json\/wp\/v2\/product_tag?post=142038"}],"curies":[{"name":"wp","href":"https:\/\/api.w.org\/{rel}","templated":true}]}}