{"id":142034,"date":"2025-11-14T21:22:36","date_gmt":"2025-11-14T20:22:36","guid":{"rendered":"https:\/\/www.ernstbrunn-apotheke.at\/katalog\/produkt\/rausch-coffein-conditioner-mit-ginseng-150ml\/"},"modified":"2025-12-09T10:45:21","modified_gmt":"2025-12-09T09:45:21","slug":"rausch-coffein-conditioner-mit-ginseng-150ml","status":"publish","type":"product","link":"https:\/\/www.ernstbrunn-apotheke.at\/katalog\/produkt\/rausch-coffein-conditioner-mit-ginseng-150ml\/","title":{"rendered":"RAUSCH Coffein-Conditioner mit Ginseng 150ml"},"content":{"rendered":"<p>Der Conditioner bei Haarausfall. Er stimuliert und pflegt die Kopfhaut und ist die St\u00e4rkung f\u00fcr geschw\u00e4chte Haarwurzeln. Das Haar wird geschmeidig und l\u00e4sst sich leichter k\u00e4mmen. In Kombination mit dem Coffein-Shampoo mit Ginseng oder der Original Haartinktur ist er die perfekte Formel bei geschw\u00e4chten Haarwurzeln. Mit Coffein sowie wertvollen Extrakten aus Ginseng, Guarana, Brennnessel und Erbsensprossen.<\/p>\n","protected":false},"excerpt":{"rendered":"<p>Der Conditioner bei Haarausfall. Er stimuliert und pflegt die Kopfhaut und ist die St\u00e4rkung f\u00fcr geschw\u00e4chte Haarwurzeln. Das Haar wird geschmeidig und l\u00e4sst sich leichter k\u00e4mmen. In Kombination mit dem Coffein-Shampoo mit Ginseng oder der Original Haartinktur ist er die perfekte Formel bei geschw\u00e4chten Haarwurzeln. Mit Coffein sowie wertvollen Extrakten aus Ginseng, Guarana, Brennnessel und [&hellip;]<\/p>\n","protected":false},"featured_media":142036,"template":"","meta":{"_acf_changed":false},"product_brand":[648],"product_cat":[808],"product_tag":[],"class_list":{"0":"post-142034","1":"product","2":"type-product","3":"status-publish","4":"has-post-thumbnail","6":"product_brand-rausch","7":"product_cat-r","8":"pa_packungsgroesse-150ml","10":"first","11":"instock","12":"shipping-taxable","13":"purchasable","14":"product-type-simple"},"acf":[],"_links":{"self":[{"href":"https:\/\/www.ernstbrunn-apotheke.at\/katalog\/wp-json\/wp\/v2\/product\/142034","targetHints":{"allow":["GET"]}}],"collection":[{"href":"https:\/\/www.ernstbrunn-apotheke.at\/katalog\/wp-json\/wp\/v2\/product"}],"about":[{"href":"https:\/\/www.ernstbrunn-apotheke.at\/katalog\/wp-json\/wp\/v2\/types\/product"}],"wp:featuredmedia":[{"embeddable":true,"href":"https:\/\/www.ernstbrunn-apotheke.at\/katalog\/wp-json\/wp\/v2\/media\/142036"}],"wp:attachment":[{"href":"https:\/\/www.ernstbrunn-apotheke.at\/katalog\/wp-json\/wp\/v2\/media?parent=142034"}],"wp:term":[{"taxonomy":"product_brand","embeddable":true,"href":"https:\/\/www.ernstbrunn-apotheke.at\/katalog\/wp-json\/wp\/v2\/product_brand?post=142034"},{"taxonomy":"product_cat","embeddable":true,"href":"https:\/\/www.ernstbrunn-apotheke.at\/katalog\/wp-json\/wp\/v2\/product_cat?post=142034"},{"taxonomy":"product_tag","embeddable":true,"href":"https:\/\/www.ernstbrunn-apotheke.at\/katalog\/wp-json\/wp\/v2\/product_tag?post=142034"}],"curies":[{"name":"wp","href":"https:\/\/api.w.org\/{rel}","templated":true}]}}