{"id":142026,"date":"2025-11-14T21:22:20","date_gmt":"2025-11-14T20:22:20","guid":{"rendered":"https:\/\/www.ernstbrunn-apotheke.at\/katalog\/produkt\/rausch-naehr-conditioner-mit-weizenkeim-150-ml\/"},"modified":"2025-12-09T10:45:20","modified_gmt":"2025-12-09T09:45:20","slug":"rausch-naehr-conditioner-mit-weizenkeim-150-ml","status":"publish","type":"product","link":"https:\/\/www.ernstbrunn-apotheke.at\/katalog\/produkt\/rausch-naehr-conditioner-mit-weizenkeim-150-ml\/","title":{"rendered":"RAUSCH N\u00e4hr-Conditioner mit Weizenkeim 150 ml"},"content":{"rendered":"<p>Der Conditioner, der trockenes und sonnenstrapaziertes Haar reichhaltig pflegt. Er n\u00e4hrt spr\u00f6des Haar, macht es geschmeidig und l\u00e4sst es gl\u00e4nzen. Der ideale Schutz vor dem Austrocknen nach einem Tag an der Sonne. Mit hochwertigen Extrakten aus Weizenkeim, Weizenkleie und Zinnkraut.<\/p>\n","protected":false},"excerpt":{"rendered":"<p>Der Conditioner, der trockenes und sonnenstrapaziertes Haar reichhaltig pflegt. Er n\u00e4hrt spr\u00f6des Haar, macht es geschmeidig und l\u00e4sst es gl\u00e4nzen. Der ideale Schutz vor dem Austrocknen nach einem Tag an der Sonne. Mit hochwertigen Extrakten aus Weizenkeim, Weizenkleie und Zinnkraut.<\/p>\n","protected":false},"featured_media":142028,"template":"","meta":{"_acf_changed":false},"product_brand":[648],"product_cat":[808],"product_tag":[],"class_list":{"0":"post-142026","1":"product","2":"type-product","3":"status-publish","4":"has-post-thumbnail","6":"product_brand-rausch","7":"product_cat-r","8":"pa_packungsgroesse-150ml","10":"first","11":"instock","12":"shipping-taxable","13":"purchasable","14":"product-type-simple"},"acf":[],"_links":{"self":[{"href":"https:\/\/www.ernstbrunn-apotheke.at\/katalog\/wp-json\/wp\/v2\/product\/142026","targetHints":{"allow":["GET"]}}],"collection":[{"href":"https:\/\/www.ernstbrunn-apotheke.at\/katalog\/wp-json\/wp\/v2\/product"}],"about":[{"href":"https:\/\/www.ernstbrunn-apotheke.at\/katalog\/wp-json\/wp\/v2\/types\/product"}],"wp:featuredmedia":[{"embeddable":true,"href":"https:\/\/www.ernstbrunn-apotheke.at\/katalog\/wp-json\/wp\/v2\/media\/142028"}],"wp:attachment":[{"href":"https:\/\/www.ernstbrunn-apotheke.at\/katalog\/wp-json\/wp\/v2\/media?parent=142026"}],"wp:term":[{"taxonomy":"product_brand","embeddable":true,"href":"https:\/\/www.ernstbrunn-apotheke.at\/katalog\/wp-json\/wp\/v2\/product_brand?post=142026"},{"taxonomy":"product_cat","embeddable":true,"href":"https:\/\/www.ernstbrunn-apotheke.at\/katalog\/wp-json\/wp\/v2\/product_cat?post=142026"},{"taxonomy":"product_tag","embeddable":true,"href":"https:\/\/www.ernstbrunn-apotheke.at\/katalog\/wp-json\/wp\/v2\/product_tag?post=142026"}],"curies":[{"name":"wp","href":"https:\/\/api.w.org\/{rel}","templated":true}]}}