{"id":141999,"date":"2025-11-14T21:21:40","date_gmt":"2025-11-14T20:21:40","guid":{"rendered":"https:\/\/www.ernstbrunn-apotheke.at\/katalog\/produkt\/caudalie-vinopure-reinigungsgel-2\/"},"modified":"2025-12-09T10:45:13","modified_gmt":"2025-12-09T09:45:13","slug":"caudalie-vinopure-reinigungsgel-2","status":"publish","type":"product","link":"https:\/\/www.ernstbrunn-apotheke.at\/katalog\/produkt\/caudalie-vinopure-reinigungsgel-2\/","title":{"rendered":"Caudalie Vinopure Reinigungsgel"},"content":{"rendered":"<p><strong>Vinopure Kl\u00e4rendes Reinigungsgel<\/strong><\/p>\n<p>Das Vinopure Gel ist der erste Schritt bei Ihrer Routine gegen Unreinheiten. Es reinigt, verschlie\u00dft die Poren, verringert \u00fcbersch\u00fcssiges Serum und trocknet die Haut nicht aus. Die Haut wird rein, frisch und strahlend sch\u00f6n.<\/p>\n<p><strong>Hauttyp\u00a0:<\/strong> Zu Akne neigende Haut<\/p>\n<p><strong>Brauche\u00a0:<\/strong> Unreinheiten, erweiterte Poren, Mitesser, fettige Haut<\/p>\n<p><strong>Hauptinhaltsstoffe\u00a0:<\/strong> Nat\u00fcrliche Salicyls\u00e4ure, Biologisches Traubenwasser, Polyphenole<\/p>\n<p><strong>Textur\u00a0:<\/strong> Gel<\/p>\n<p><strong>Verwendung\u00a0:<\/strong> Morgens und abends, jeden Tag<\/p>\n<p><strong>Rezeptur:<\/strong><\/p>\n<ul>\n<li>Ohne Sulfate, ohne Seife, ohne Alkohol. Ohne synthetische Duftstoffe.<\/li>\n<li>99 % Inhaltsstoffe nat\u00fcrlichen Ursprungs<\/li>\n<li>Bio-zertifiziert<\/li>\n<li>Nicht komedogen, nicht lichtsensibilisierend<\/li>\n<li>Dermatologisch getestet<\/li>\n<li>Vegan<\/li>\n<li>Yuka-Bewertung: Gut<\/li>\n<\/ul>\n<p><strong>Sichtbare Resultate<\/strong><\/p>\n<ul>\n<li>96% finden, dass ihre Haut reiner ist*<\/li>\n<\/ul>\n<p>*Klinische Studie, % Zufriedenheit, 24 Probanden, 28 Tage.<\/p>\n<p><strong>Wussten Sie es?<\/strong>F\u00fcr zus\u00e4tzlichen Komfort wurde feuchtigkeitsspendende Aloe Vera der neuen Cosmebio zertifizierten Formel hinzugef\u00fcgt.<\/p>\n<p><\/p>\n","protected":false},"excerpt":{"rendered":"<p>Vinopure Kl\u00e4rendes Reinigungsgel Das Vinopure Gel ist der erste Schritt bei Ihrer Routine gegen Unreinheiten. Es reinigt, verschlie\u00dft die Poren, verringert \u00fcbersch\u00fcssiges Serum und trocknet die Haut nicht aus. Die Haut wird rein, frisch und strahlend sch\u00f6n. Hauttyp\u00a0: Zu Akne neigende Haut Brauche\u00a0: Unreinheiten, erweiterte Poren, Mitesser, fettige Haut Hauptinhaltsstoffe\u00a0: Nat\u00fcrliche Salicyls\u00e4ure, Biologisches Traubenwasser, Polyphenole [&hellip;]<\/p>\n","protected":false},"featured_media":142001,"template":"","meta":{"_acf_changed":false},"product_brand":[687],"product_cat":[812],"product_tag":[],"class_list":{"0":"post-141999","1":"product","2":"type-product","3":"status-publish","4":"has-post-thumbnail","6":"product_brand-caudalie","7":"product_cat-c","8":"pa_packungsgroesse-385ml","10":"first","11":"instock","12":"shipping-taxable","13":"purchasable","14":"product-type-simple"},"acf":[],"_links":{"self":[{"href":"https:\/\/www.ernstbrunn-apotheke.at\/katalog\/wp-json\/wp\/v2\/product\/141999","targetHints":{"allow":["GET"]}}],"collection":[{"href":"https:\/\/www.ernstbrunn-apotheke.at\/katalog\/wp-json\/wp\/v2\/product"}],"about":[{"href":"https:\/\/www.ernstbrunn-apotheke.at\/katalog\/wp-json\/wp\/v2\/types\/product"}],"wp:featuredmedia":[{"embeddable":true,"href":"https:\/\/www.ernstbrunn-apotheke.at\/katalog\/wp-json\/wp\/v2\/media\/142001"}],"wp:attachment":[{"href":"https:\/\/www.ernstbrunn-apotheke.at\/katalog\/wp-json\/wp\/v2\/media?parent=141999"}],"wp:term":[{"taxonomy":"product_brand","embeddable":true,"href":"https:\/\/www.ernstbrunn-apotheke.at\/katalog\/wp-json\/wp\/v2\/product_brand?post=141999"},{"taxonomy":"product_cat","embeddable":true,"href":"https:\/\/www.ernstbrunn-apotheke.at\/katalog\/wp-json\/wp\/v2\/product_cat?post=141999"},{"taxonomy":"product_tag","embeddable":true,"href":"https:\/\/www.ernstbrunn-apotheke.at\/katalog\/wp-json\/wp\/v2\/product_tag?post=141999"}],"curies":[{"name":"wp","href":"https:\/\/api.w.org\/{rel}","templated":true}]}}