{"id":141996,"date":"2025-11-14T21:21:40","date_gmt":"2025-11-14T20:21:40","guid":{"rendered":"https:\/\/www.ernstbrunn-apotheke.at\/katalog\/produkt\/caudalie-vinopure-pickel-stopp-mit-salicylsaeure\/"},"modified":"2025-12-09T10:45:13","modified_gmt":"2025-12-09T09:45:13","slug":"caudalie-vinopure-pickel-stopp-mit-salicylsaeure","status":"publish","type":"product","link":"https:\/\/www.ernstbrunn-apotheke.at\/katalog\/produkt\/caudalie-vinopure-pickel-stopp-mit-salicylsaeure\/","title":{"rendered":"Caudalie Vinopure Pickel-Stopp mit Salicyls\u00e4ure"},"content":{"rendered":"<p>Der Vinopure Pickel-Stopp reduziert Pickel sichtbar in 4 h*.\u00a0<\/p>\n<p>Er reinigt, trocknet aus und mildert dank seiner hellgr\u00fcnen Textur R\u00f6tungen. Das handliche Format k\u00f6nnen Sie ideal \u00fcberallhin mitnehmen und somit Unreinheiten den ganzen Tag \u00fcber weiter behandeln.<\/p>\n<p><strong>Hauttyp\u00a0:<\/strong> Zu Akne neigende Haut<\/p>\n<p><strong>Brauche\u00a0:<\/strong> Pigmentst\u00f6rung<\/p>\n<p><strong>Hauptinhaltsstoffe\u00a0:<\/strong> Nat\u00fcrliche Salicyls\u00e4ure, Niacinamid, \u00c4therisches Teebaum\u00f6l<\/p>\n<p><strong>Textur\u00a0:<\/strong> Creme<\/p>\n<p><strong>Verwendung\u00a0:<\/strong> So h\u00e4ufig wie n\u00f6tig<\/p>\n<p><strong>Rezeptur:<\/strong><\/p>\n<ul>\n<li>97 % Inhaltsstoffe nat\u00fcrlichen Ursprungs<\/li>\n<li>Dermatologisch getestet<\/li>\n<li>Vegan<\/li>\n<\/ul>\n<p><strong>Sichtbare Resultate<\/strong><\/p>\n<ul>\n<li>Sichtbare Reduzierung der Pickel nach 4 h*<\/li>\n<\/ul>\n<p>*Klinische Studie, Selbsteinsch\u00e4tzung, 22 Frewillige<\/p>\n<p><strong>Wussten Sie es?<\/strong>Der Teebaum ist in der Aromatherapie f\u00fcr seine antibakteriellen und entz\u00fcndungshemmenden Eigenschaften bekannt.\u00a0<\/p>\n","protected":false},"excerpt":{"rendered":"<p>Der Vinopure Pickel-Stopp reduziert Pickel sichtbar in 4 h*.\u00a0 Er reinigt, trocknet aus und mildert dank seiner hellgr\u00fcnen Textur R\u00f6tungen. Das handliche Format k\u00f6nnen Sie ideal \u00fcberallhin mitnehmen und somit Unreinheiten den ganzen Tag \u00fcber weiter behandeln. Hauttyp\u00a0: Zu Akne neigende Haut Brauche\u00a0: Pigmentst\u00f6rung Hauptinhaltsstoffe\u00a0: Nat\u00fcrliche Salicyls\u00e4ure, Niacinamid, \u00c4therisches Teebaum\u00f6l Textur\u00a0: Creme Verwendung\u00a0: So h\u00e4ufig [&hellip;]<\/p>\n","protected":false},"featured_media":141998,"template":"","meta":{"_acf_changed":false},"product_brand":[687],"product_cat":[812],"product_tag":[],"class_list":{"0":"post-141996","1":"product","2":"type-product","3":"status-publish","4":"has-post-thumbnail","6":"product_brand-caudalie","7":"product_cat-c","8":"pa_packungsgroesse-15ml","10":"first","11":"instock","12":"shipping-taxable","13":"purchasable","14":"product-type-simple"},"acf":[],"_links":{"self":[{"href":"https:\/\/www.ernstbrunn-apotheke.at\/katalog\/wp-json\/wp\/v2\/product\/141996","targetHints":{"allow":["GET"]}}],"collection":[{"href":"https:\/\/www.ernstbrunn-apotheke.at\/katalog\/wp-json\/wp\/v2\/product"}],"about":[{"href":"https:\/\/www.ernstbrunn-apotheke.at\/katalog\/wp-json\/wp\/v2\/types\/product"}],"wp:featuredmedia":[{"embeddable":true,"href":"https:\/\/www.ernstbrunn-apotheke.at\/katalog\/wp-json\/wp\/v2\/media\/141998"}],"wp:attachment":[{"href":"https:\/\/www.ernstbrunn-apotheke.at\/katalog\/wp-json\/wp\/v2\/media?parent=141996"}],"wp:term":[{"taxonomy":"product_brand","embeddable":true,"href":"https:\/\/www.ernstbrunn-apotheke.at\/katalog\/wp-json\/wp\/v2\/product_brand?post=141996"},{"taxonomy":"product_cat","embeddable":true,"href":"https:\/\/www.ernstbrunn-apotheke.at\/katalog\/wp-json\/wp\/v2\/product_cat?post=141996"},{"taxonomy":"product_tag","embeddable":true,"href":"https:\/\/www.ernstbrunn-apotheke.at\/katalog\/wp-json\/wp\/v2\/product_tag?post=141996"}],"curies":[{"name":"wp","href":"https:\/\/api.w.org\/{rel}","templated":true}]}}