{"id":14196,"date":"2025-11-07T15:19:24","date_gmt":"2025-11-07T14:19:24","guid":{"rendered":"https:\/\/www.ernstbrunn-apotheke.at\/katalog\/produkt\/tetesept-erkaeltungszeit-bad-125-ml\/"},"modified":"2025-12-08T13:38:14","modified_gmt":"2025-12-08T12:38:14","slug":"tetesept-erkaeltungszeit-bad-125-ml","status":"publish","type":"product","link":"https:\/\/www.ernstbrunn-apotheke.at\/katalog\/produkt\/tetesept-erkaeltungszeit-bad-125-ml\/","title":{"rendered":"Tetesept Erk\u00e4ltungszeit Bad 125 ml"},"content":{"rendered":"<p>tetesept Erk\u00e4ltungszeit Bad ist ein wohltuender kosmetischer Badezusatz mit nat\u00fcrlichem Duft-Effekt mit wohltuender Wirkung besonders in der kalten Jahreszeit &#8211; wir f\u00fchren alle Produkte von tetesept zu Sonderpreisen!<\/p>\n","protected":false},"excerpt":{"rendered":"<p>tetesept Erk\u00e4ltungszeit Bad ist ein wohltuender kosmetischer Badezusatz mit nat\u00fcrlichem Duft-Effekt mit wohltuender Wirkung besonders in der kalten Jahreszeit &#8211; wir f\u00fchren alle Produkte von tetesept zu Sonderpreisen!<\/p>\n","protected":false},"featured_media":14198,"template":"","meta":{"_acf_changed":false},"product_brand":[487],"product_cat":[798],"product_tag":[],"class_list":{"0":"post-14196","1":"product","2":"type-product","3":"status-publish","4":"has-post-thumbnail","6":"product_brand-tetesept","7":"product_cat-t","8":"pa_packungsgroesse-125ml","10":"first","11":"instock","12":"shipping-taxable","13":"purchasable","14":"product-type-simple"},"acf":[],"_links":{"self":[{"href":"https:\/\/www.ernstbrunn-apotheke.at\/katalog\/wp-json\/wp\/v2\/product\/14196","targetHints":{"allow":["GET"]}}],"collection":[{"href":"https:\/\/www.ernstbrunn-apotheke.at\/katalog\/wp-json\/wp\/v2\/product"}],"about":[{"href":"https:\/\/www.ernstbrunn-apotheke.at\/katalog\/wp-json\/wp\/v2\/types\/product"}],"wp:featuredmedia":[{"embeddable":true,"href":"https:\/\/www.ernstbrunn-apotheke.at\/katalog\/wp-json\/wp\/v2\/media\/14198"}],"wp:attachment":[{"href":"https:\/\/www.ernstbrunn-apotheke.at\/katalog\/wp-json\/wp\/v2\/media?parent=14196"}],"wp:term":[{"taxonomy":"product_brand","embeddable":true,"href":"https:\/\/www.ernstbrunn-apotheke.at\/katalog\/wp-json\/wp\/v2\/product_brand?post=14196"},{"taxonomy":"product_cat","embeddable":true,"href":"https:\/\/www.ernstbrunn-apotheke.at\/katalog\/wp-json\/wp\/v2\/product_cat?post=14196"},{"taxonomy":"product_tag","embeddable":true,"href":"https:\/\/www.ernstbrunn-apotheke.at\/katalog\/wp-json\/wp\/v2\/product_tag?post=14196"}],"curies":[{"name":"wp","href":"https:\/\/api.w.org\/{rel}","templated":true}]}}