{"id":141954,"date":"2025-11-14T21:20:23","date_gmt":"2025-11-14T20:20:23","guid":{"rendered":"https:\/\/www.ernstbrunn-apotheke.at\/katalog\/produkt\/caudalie-pflegeoel-soleil-des-vignes\/"},"modified":"2025-12-09T10:45:04","modified_gmt":"2025-12-09T09:45:04","slug":"caudalie-pflegeoel-soleil-des-vignes","status":"publish","type":"product","link":"https:\/\/www.ernstbrunn-apotheke.at\/katalog\/produkt\/caudalie-pflegeoel-soleil-des-vignes\/","title":{"rendered":"Caudalie Pflege\u00f6l Soleil des Vignes"},"content":{"rendered":"<p>Das Pflege\u00f6l Soleil des Vignes ist ein n\u00e4hrendes K\u00f6rper\u00f6l. Angereichert mit Argan-, Karit\u00e9-, Traubenkern- und Mandel\u00f6l verbessert es die Elastizit\u00e4t der Haut und l\u00e4sst sie sofort strahlen.<\/p>\n<p><\/p>\n<p>Der typische Duft nach Soleil des Vignes enth\u00fcllt auf der Haut Noten von Kokosnuss, Orangenbl\u00fcte und Jasmin&#8230; Eine Erinnerung an den Sommer das ganze Jahr \u00fcber.<\/p>\n<p><strong>Hauttyp\u00a0:<\/strong> Alle Hauttypen<\/p>\n<p><strong>Brauche\u00a0:<\/strong> Feuchtigkeitsversorgung des K\u00f6rpers<\/p>\n<p><strong>Hauptinhaltsstoffe\u00a0:<\/strong> Argan\u00f6l, Traubenkern\u00f6l, Karit\u00e9\u00f6l<\/p>\n<p><strong>Textur\u00a0:<\/strong> \u00d6l<\/p>\n<p><strong>Verwendung\u00a0:<\/strong> Zu jeder Tageszeit<\/p>\n<p><strong>Rezeptur:<\/strong><\/p>\n<ul>\n<li>95 % Inhaltsstoffe nat\u00fcrlichen Ursprungs<\/li>\n<li>Dermatologisch getestet<\/li>\n<li>Vegan<\/li>\n<li>Nicht fettend.<\/li>\n<\/ul>\n<p><strong>Sichtbare Resultate<\/strong><\/p>\n<ul>\n<li>100 % Gegl\u00e4ttete Haut*<\/li>\n<li>86 % Reparierte Haut*<\/li>\n<li>95 % Strahlende Haut*<\/li>\n<\/ul>\n<p>*22 Freiwillige, 29 Tage.<\/p>\n","protected":false},"excerpt":{"rendered":"<p>Das Pflege\u00f6l Soleil des Vignes ist ein n\u00e4hrendes K\u00f6rper\u00f6l. Angereichert mit Argan-, Karit\u00e9-, Traubenkern- und Mandel\u00f6l verbessert es die Elastizit\u00e4t der Haut und l\u00e4sst sie sofort strahlen. Der typische Duft nach Soleil des Vignes enth\u00fcllt auf der Haut Noten von Kokosnuss, Orangenbl\u00fcte und Jasmin&#8230; Eine Erinnerung an den Sommer das ganze Jahr \u00fcber. Hauttyp\u00a0: Alle [&hellip;]<\/p>\n","protected":false},"featured_media":141956,"template":"","meta":{"_acf_changed":false},"product_brand":[687],"product_cat":[812],"product_tag":[],"class_list":{"0":"post-141954","1":"product","2":"type-product","3":"status-publish","4":"has-post-thumbnail","6":"product_brand-caudalie","7":"product_cat-c","8":"pa_packungsgroesse-50ml","10":"first","11":"instock","12":"shipping-taxable","13":"purchasable","14":"product-type-simple"},"acf":[],"_links":{"self":[{"href":"https:\/\/www.ernstbrunn-apotheke.at\/katalog\/wp-json\/wp\/v2\/product\/141954","targetHints":{"allow":["GET"]}}],"collection":[{"href":"https:\/\/www.ernstbrunn-apotheke.at\/katalog\/wp-json\/wp\/v2\/product"}],"about":[{"href":"https:\/\/www.ernstbrunn-apotheke.at\/katalog\/wp-json\/wp\/v2\/types\/product"}],"wp:featuredmedia":[{"embeddable":true,"href":"https:\/\/www.ernstbrunn-apotheke.at\/katalog\/wp-json\/wp\/v2\/media\/141956"}],"wp:attachment":[{"href":"https:\/\/www.ernstbrunn-apotheke.at\/katalog\/wp-json\/wp\/v2\/media?parent=141954"}],"wp:term":[{"taxonomy":"product_brand","embeddable":true,"href":"https:\/\/www.ernstbrunn-apotheke.at\/katalog\/wp-json\/wp\/v2\/product_brand?post=141954"},{"taxonomy":"product_cat","embeddable":true,"href":"https:\/\/www.ernstbrunn-apotheke.at\/katalog\/wp-json\/wp\/v2\/product_cat?post=141954"},{"taxonomy":"product_tag","embeddable":true,"href":"https:\/\/www.ernstbrunn-apotheke.at\/katalog\/wp-json\/wp\/v2\/product_tag?post=141954"}],"curies":[{"name":"wp","href":"https:\/\/api.w.org\/{rel}","templated":true}]}}