{"id":14175,"date":"2025-11-07T15:18:56","date_gmt":"2025-11-07T14:18:56","guid":{"rendered":"https:\/\/www.ernstbrunn-apotheke.at\/katalog\/produkt\/apoforce-baerenmix-fuer-kids-10-btl\/"},"modified":"2025-12-08T13:38:11","modified_gmt":"2025-12-08T12:38:11","slug":"apoforce-baerenmix-fuer-kids-10-btl","status":"publish","type":"product","link":"https:\/\/www.ernstbrunn-apotheke.at\/katalog\/produkt\/apoforce-baerenmix-fuer-kids-10-btl\/","title":{"rendered":"Apoforce B\u00e4renmix f\u00fcr Kids 10 Btl."},"content":{"rendered":"<p>Apoforce B\u00e4renmix f\u00fcr Kids schmeckt hei\u00df und kalt! Mit Himbeersaftpulver sowie Hibiskus- und Hagebuttenextrakt &#8211; nicht nur f\u00fcr Kinder! Beinhaltet Calcium und 10 Vitamine.<\/p>\n","protected":false},"excerpt":{"rendered":"<p>Apoforce B\u00e4renmix f\u00fcr Kids schmeckt hei\u00df und kalt! Mit Himbeersaftpulver sowie Hibiskus- und Hagebuttenextrakt &#8211; nicht nur f\u00fcr Kinder! Beinhaltet Calcium und 10 Vitamine.<\/p>\n","protected":false},"featured_media":14177,"template":"","meta":{"_acf_changed":false},"product_brand":[],"product_cat":[801],"product_tag":[],"class_list":{"0":"post-14175","1":"product","2":"type-product","3":"status-publish","4":"has-post-thumbnail","6":"product_cat-a","7":"pa_packungsgroesse-10-beutel","9":"first","10":"instock","11":"shipping-taxable","12":"purchasable","13":"product-type-simple"},"acf":[],"_links":{"self":[{"href":"https:\/\/www.ernstbrunn-apotheke.at\/katalog\/wp-json\/wp\/v2\/product\/14175","targetHints":{"allow":["GET"]}}],"collection":[{"href":"https:\/\/www.ernstbrunn-apotheke.at\/katalog\/wp-json\/wp\/v2\/product"}],"about":[{"href":"https:\/\/www.ernstbrunn-apotheke.at\/katalog\/wp-json\/wp\/v2\/types\/product"}],"wp:featuredmedia":[{"embeddable":true,"href":"https:\/\/www.ernstbrunn-apotheke.at\/katalog\/wp-json\/wp\/v2\/media\/14177"}],"wp:attachment":[{"href":"https:\/\/www.ernstbrunn-apotheke.at\/katalog\/wp-json\/wp\/v2\/media?parent=14175"}],"wp:term":[{"taxonomy":"product_brand","embeddable":true,"href":"https:\/\/www.ernstbrunn-apotheke.at\/katalog\/wp-json\/wp\/v2\/product_brand?post=14175"},{"taxonomy":"product_cat","embeddable":true,"href":"https:\/\/www.ernstbrunn-apotheke.at\/katalog\/wp-json\/wp\/v2\/product_cat?post=14175"},{"taxonomy":"product_tag","embeddable":true,"href":"https:\/\/www.ernstbrunn-apotheke.at\/katalog\/wp-json\/wp\/v2\/product_tag?post=14175"}],"curies":[{"name":"wp","href":"https:\/\/api.w.org\/{rel}","templated":true}]}}