{"id":14167,"date":"2025-11-07T15:18:56","date_gmt":"2025-11-07T14:18:56","guid":{"rendered":"https:\/\/www.ernstbrunn-apotheke.at\/katalog\/produkt\/influass-tabletten-30-stk\/"},"modified":"2025-12-08T13:38:10","modified_gmt":"2025-12-08T12:38:10","slug":"influass-tabletten-30-stk","status":"publish","type":"product","link":"https:\/\/www.ernstbrunn-apotheke.at\/katalog\/produkt\/influass-tabletten-30-stk\/","title":{"rendered":"Influass-Tabletten 30 Stk."},"content":{"rendered":"<p>Influass-Tabletten beinhalten die Wirkstoffe Acetylsalicyls\u00e4ure (ASS), Paracetamol und Coffein. Diese eignen sich in Kombination besonders gut zur Anwendung von akuten, leichten bis m\u00e4\u00dfig starken Schmerzen. Au\u00dferdem k\u00f6nnen die Tabletten bei Fieber w\u00e4hrend Erk\u00e4ltungskrankheiten und grippalen Infekten angewendet werden. Dieses Produkt ist in Packungen zu 10 und 30 St\u00fcck erh\u00e4ltlich.<\/p>\n","protected":false},"excerpt":{"rendered":"<p>Influass-Tabletten beinhalten die Wirkstoffe Acetylsalicyls\u00e4ure (ASS), Paracetamol und Coffein. Diese eignen sich in Kombination besonders gut zur Anwendung von akuten, leichten bis m\u00e4\u00dfig starken Schmerzen. Au\u00dferdem k\u00f6nnen die Tabletten bei Fieber w\u00e4hrend Erk\u00e4ltungskrankheiten und grippalen Infekten angewendet werden. Dieses Produkt ist in Packungen zu 10 und 30 St\u00fcck erh\u00e4ltlich.<\/p>\n","protected":false},"featured_media":14169,"template":"","meta":{"_acf_changed":false},"product_brand":[],"product_cat":[823],"product_tag":[],"class_list":{"0":"post-14167","1":"product","2":"type-product","3":"status-publish","4":"has-post-thumbnail","6":"product_cat-i","7":"pa_packungsgroesse-10-stueck","8":"pa_packungsgroesse-30-stueck","10":"first","11":"instock","12":"shipping-taxable","13":"purchasable","14":"product-type-simple"},"acf":[],"_links":{"self":[{"href":"https:\/\/www.ernstbrunn-apotheke.at\/katalog\/wp-json\/wp\/v2\/product\/14167","targetHints":{"allow":["GET"]}}],"collection":[{"href":"https:\/\/www.ernstbrunn-apotheke.at\/katalog\/wp-json\/wp\/v2\/product"}],"about":[{"href":"https:\/\/www.ernstbrunn-apotheke.at\/katalog\/wp-json\/wp\/v2\/types\/product"}],"wp:featuredmedia":[{"embeddable":true,"href":"https:\/\/www.ernstbrunn-apotheke.at\/katalog\/wp-json\/wp\/v2\/media\/14169"}],"wp:attachment":[{"href":"https:\/\/www.ernstbrunn-apotheke.at\/katalog\/wp-json\/wp\/v2\/media?parent=14167"}],"wp:term":[{"taxonomy":"product_brand","embeddable":true,"href":"https:\/\/www.ernstbrunn-apotheke.at\/katalog\/wp-json\/wp\/v2\/product_brand?post=14167"},{"taxonomy":"product_cat","embeddable":true,"href":"https:\/\/www.ernstbrunn-apotheke.at\/katalog\/wp-json\/wp\/v2\/product_cat?post=14167"},{"taxonomy":"product_tag","embeddable":true,"href":"https:\/\/www.ernstbrunn-apotheke.at\/katalog\/wp-json\/wp\/v2\/product_tag?post=14167"}],"curies":[{"name":"wp","href":"https:\/\/api.w.org\/{rel}","templated":true}]}}