{"id":141593,"date":"2025-11-14T21:11:37","date_gmt":"2025-11-14T20:11:37","guid":{"rendered":"https:\/\/www.ernstbrunn-apotheke.at\/katalog\/produkt\/warmup-massageliquid-erdbeer-150-ml\/"},"modified":"2025-12-09T10:43:50","modified_gmt":"2025-12-09T09:43:50","slug":"warmup-massageliquid-erdbeer-150-ml","status":"publish","type":"product","link":"https:\/\/www.ernstbrunn-apotheke.at\/katalog\/produkt\/warmup-massageliquid-erdbeer-150-ml\/","title":{"rendered":"WARMup Massageliquid Erdbeer 150 ml"},"content":{"rendered":"<p>WARMup Massageliquid Erdbeer mit W\u00e4rme-Effekt verspricht hei\u00dfe Liebesabenteuer. Es l\u00e4sst dich jede Ber\u00fchrung und Bewegung unendlich genie\u00dfen und die bereits beim Einmassieren gef\u00fchlten Emotionen verhei\u00dfen aufregenden Genuss &#8211; jetzt einfach und sicher bestellen!<\/p>\n","protected":false},"excerpt":{"rendered":"<p>WARMup Massageliquid Erdbeer mit W\u00e4rme-Effekt verspricht hei\u00dfe Liebesabenteuer. Es l\u00e4sst dich jede Ber\u00fchrung und Bewegung unendlich genie\u00dfen und die bereits beim Einmassieren gef\u00fchlten Emotionen verhei\u00dfen aufregenden Genuss &#8211; jetzt einfach und sicher bestellen!<\/p>\n","protected":false},"featured_media":0,"template":"","meta":{"_acf_changed":false},"product_brand":[],"product_cat":[796],"product_tag":[],"class_list":{"0":"post-141593","1":"product","2":"type-product","3":"status-publish","5":"product_cat-w","6":"pa_packungsgroesse-150ml","8":"first","9":"instock","10":"shipping-taxable","11":"purchasable","12":"product-type-simple"},"acf":[],"_links":{"self":[{"href":"https:\/\/www.ernstbrunn-apotheke.at\/katalog\/wp-json\/wp\/v2\/product\/141593","targetHints":{"allow":["GET"]}}],"collection":[{"href":"https:\/\/www.ernstbrunn-apotheke.at\/katalog\/wp-json\/wp\/v2\/product"}],"about":[{"href":"https:\/\/www.ernstbrunn-apotheke.at\/katalog\/wp-json\/wp\/v2\/types\/product"}],"wp:attachment":[{"href":"https:\/\/www.ernstbrunn-apotheke.at\/katalog\/wp-json\/wp\/v2\/media?parent=141593"}],"wp:term":[{"taxonomy":"product_brand","embeddable":true,"href":"https:\/\/www.ernstbrunn-apotheke.at\/katalog\/wp-json\/wp\/v2\/product_brand?post=141593"},{"taxonomy":"product_cat","embeddable":true,"href":"https:\/\/www.ernstbrunn-apotheke.at\/katalog\/wp-json\/wp\/v2\/product_cat?post=141593"},{"taxonomy":"product_tag","embeddable":true,"href":"https:\/\/www.ernstbrunn-apotheke.at\/katalog\/wp-json\/wp\/v2\/product_tag?post=141593"}],"curies":[{"name":"wp","href":"https:\/\/api.w.org\/{rel}","templated":true}]}}