{"id":14159,"date":"2025-11-07T15:18:39","date_gmt":"2025-11-07T14:18:39","guid":{"rendered":"https:\/\/www.ernstbrunn-apotheke.at\/katalog\/produkt\/homedi-kind-engelwurz-balsam-15-g\/"},"modified":"2025-12-08T13:38:08","modified_gmt":"2025-12-08T12:38:08","slug":"homedi-kind-engelwurz-balsam-15-g","status":"publish","type":"product","link":"https:\/\/www.ernstbrunn-apotheke.at\/katalog\/produkt\/homedi-kind-engelwurz-balsam-15-g\/","title":{"rendered":"Homedi-Kind Engelwurz Balsam 15 g"},"content":{"rendered":"<p>Homedi-Kind Engelwurz Balsam enth\u00e4lt wohltuende \u00e4therische \u00d6le, die sich besonders w\u00e4hrend der Erk\u00e4ltungszeit ideal eignen um empfindliche Babyhaut rund um das Schnupfenn\u00e4schen zu pflegen..<\/p>\n","protected":false},"excerpt":{"rendered":"<p>Homedi-Kind Engelwurz Balsam enth\u00e4lt wohltuende \u00e4therische \u00d6le, die sich besonders w\u00e4hrend der Erk\u00e4ltungszeit ideal eignen um empfindliche Babyhaut rund um das Schnupfenn\u00e4schen zu pflegen..<\/p>\n","protected":false},"featured_media":14161,"template":"","meta":{"_acf_changed":false},"product_brand":[],"product_cat":[805],"product_tag":[],"class_list":{"0":"post-14159","1":"product","2":"type-product","3":"status-publish","4":"has-post-thumbnail","6":"product_cat-h","7":"pa_packungsgroesse-15g","9":"first","10":"instock","11":"shipping-taxable","12":"purchasable","13":"product-type-simple"},"acf":[],"_links":{"self":[{"href":"https:\/\/www.ernstbrunn-apotheke.at\/katalog\/wp-json\/wp\/v2\/product\/14159","targetHints":{"allow":["GET"]}}],"collection":[{"href":"https:\/\/www.ernstbrunn-apotheke.at\/katalog\/wp-json\/wp\/v2\/product"}],"about":[{"href":"https:\/\/www.ernstbrunn-apotheke.at\/katalog\/wp-json\/wp\/v2\/types\/product"}],"wp:featuredmedia":[{"embeddable":true,"href":"https:\/\/www.ernstbrunn-apotheke.at\/katalog\/wp-json\/wp\/v2\/media\/14161"}],"wp:attachment":[{"href":"https:\/\/www.ernstbrunn-apotheke.at\/katalog\/wp-json\/wp\/v2\/media?parent=14159"}],"wp:term":[{"taxonomy":"product_brand","embeddable":true,"href":"https:\/\/www.ernstbrunn-apotheke.at\/katalog\/wp-json\/wp\/v2\/product_brand?post=14159"},{"taxonomy":"product_cat","embeddable":true,"href":"https:\/\/www.ernstbrunn-apotheke.at\/katalog\/wp-json\/wp\/v2\/product_cat?post=14159"},{"taxonomy":"product_tag","embeddable":true,"href":"https:\/\/www.ernstbrunn-apotheke.at\/katalog\/wp-json\/wp\/v2\/product_tag?post=14159"}],"curies":[{"name":"wp","href":"https:\/\/api.w.org\/{rel}","templated":true}]}}