{"id":14150,"date":"2025-11-07T15:18:39","date_gmt":"2025-11-07T14:18:39","guid":{"rendered":"https:\/\/www.ernstbrunn-apotheke.at\/katalog\/produkt\/grippostad-c-forte-trink-granulat-12-stk\/"},"modified":"2025-12-08T13:38:06","modified_gmt":"2025-12-08T12:38:06","slug":"grippostad-c-forte-trink-granulat-12-stk","status":"publish","type":"product","link":"https:\/\/www.ernstbrunn-apotheke.at\/katalog\/produkt\/grippostad-c-forte-trink-granulat-12-stk\/","title":{"rendered":"Grippostad C forte Trink-Granulat 12 Stk."},"content":{"rendered":"<p>Grippostad\u00ae C forte Granulat bietet mit der innovativen 4er-Wirkstoffkombination Paracetamol, Chlorphenamin, Coffein und Ascorbins\u00e4ure (Vit. C) schnelle Hilfe beigrippalen Infekten und Erk\u00e4ltungskrankheiten. Paracetamol wirkt schmerzlindernd und fiebersenkend, Chlorphenamin tr\u00e4gt zur Abschwellung der Nasenschleimhaut bei und lindert Reizhusten, Coffein verst\u00e4rkt die schmerzstillende Wirkung von Paracetamol und Vitamin C unterst\u00fctzt das Immunsystem  &#8211; jetzt online bestellen und sich vor Erk\u00e4ltungen sch\u00fctzen!<\/p>\n","protected":false},"excerpt":{"rendered":"<p>Grippostad\u00ae C forte Granulat bietet mit der innovativen 4er-Wirkstoffkombination Paracetamol, Chlorphenamin, Coffein und Ascorbins\u00e4ure (Vit. C) schnelle Hilfe beigrippalen Infekten und Erk\u00e4ltungskrankheiten. Paracetamol wirkt schmerzlindernd und fiebersenkend, Chlorphenamin tr\u00e4gt zur Abschwellung der Nasenschleimhaut bei und lindert Reizhusten, Coffein verst\u00e4rkt die schmerzstillende Wirkung von Paracetamol und Vitamin C unterst\u00fctzt das Immunsystem &#8211; jetzt online bestellen und [&hellip;]<\/p>\n","protected":false},"featured_media":14152,"template":"","meta":{"_acf_changed":false},"product_brand":[515],"product_cat":[810],"product_tag":[],"class_list":{"0":"post-14150","1":"product","2":"type-product","3":"status-publish","4":"has-post-thumbnail","6":"product_brand-grippostad","7":"product_cat-g","8":"pa_packungsgroesse-12-stueck","10":"first","11":"instock","12":"shipping-taxable","13":"purchasable","14":"product-type-simple"},"acf":[],"_links":{"self":[{"href":"https:\/\/www.ernstbrunn-apotheke.at\/katalog\/wp-json\/wp\/v2\/product\/14150","targetHints":{"allow":["GET"]}}],"collection":[{"href":"https:\/\/www.ernstbrunn-apotheke.at\/katalog\/wp-json\/wp\/v2\/product"}],"about":[{"href":"https:\/\/www.ernstbrunn-apotheke.at\/katalog\/wp-json\/wp\/v2\/types\/product"}],"wp:featuredmedia":[{"embeddable":true,"href":"https:\/\/www.ernstbrunn-apotheke.at\/katalog\/wp-json\/wp\/v2\/media\/14152"}],"wp:attachment":[{"href":"https:\/\/www.ernstbrunn-apotheke.at\/katalog\/wp-json\/wp\/v2\/media?parent=14150"}],"wp:term":[{"taxonomy":"product_brand","embeddable":true,"href":"https:\/\/www.ernstbrunn-apotheke.at\/katalog\/wp-json\/wp\/v2\/product_brand?post=14150"},{"taxonomy":"product_cat","embeddable":true,"href":"https:\/\/www.ernstbrunn-apotheke.at\/katalog\/wp-json\/wp\/v2\/product_cat?post=14150"},{"taxonomy":"product_tag","embeddable":true,"href":"https:\/\/www.ernstbrunn-apotheke.at\/katalog\/wp-json\/wp\/v2\/product_tag?post=14150"}],"curies":[{"name":"wp","href":"https:\/\/api.w.org\/{rel}","templated":true}]}}