{"id":14143,"date":"2025-11-07T15:18:39","date_gmt":"2025-11-07T14:18:39","guid":{"rendered":"https:\/\/www.ernstbrunn-apotheke.at\/katalog\/produkt\/aspirin-c-forte-800mg-480mg-brausetabletten\/"},"modified":"2025-12-08T13:38:05","modified_gmt":"2025-12-08T12:38:05","slug":"aspirin-c-forte-800mg-480mg-brausetabletten","status":"publish","type":"product","link":"https:\/\/www.ernstbrunn-apotheke.at\/katalog\/produkt\/aspirin-c-forte-800mg-480mg-brausetabletten\/","title":{"rendered":"Aspirin\u00ae C forte 800mg \/ 480mg Brausetabletten"},"content":{"rendered":"<p>Aspirin + C wirkt schmerzlindernd, fiebersenkend und entz\u00fcndungshemmend. Die Brausetabletten werden angewendet zur symptomatischen Linderung von leichten bis m\u00e4\u00dfig starken Schmerzen wie z.B. Kopfschmerzen, Zahnschmerzen und Regelschmerzen sowie zur symptomatischen Linderung von Schmerzen und Fieber bei Erk\u00e4ltungskrankheiten und grippalen Infekten.<\/p>\n","protected":false},"excerpt":{"rendered":"<p>Aspirin + C wirkt schmerzlindernd, fiebersenkend und entz\u00fcndungshemmend. Die Brausetabletten werden angewendet zur symptomatischen Linderung von leichten bis m\u00e4\u00dfig starken Schmerzen wie z.B. Kopfschmerzen, Zahnschmerzen und Regelschmerzen sowie zur symptomatischen Linderung von Schmerzen und Fieber bei Erk\u00e4ltungskrankheiten und grippalen Infekten.<\/p>\n","protected":false},"featured_media":14145,"template":"","meta":{"_acf_changed":false},"product_brand":[517],"product_cat":[801],"product_tag":[],"class_list":{"0":"post-14143","1":"product","2":"type-product","3":"status-publish","4":"has-post-thumbnail","6":"product_brand-aspirin","7":"product_cat-a","8":"pa_packungsgroesse-10-stueck","10":"first","11":"instock","12":"shipping-taxable","13":"purchasable","14":"product-type-simple"},"acf":[],"_links":{"self":[{"href":"https:\/\/www.ernstbrunn-apotheke.at\/katalog\/wp-json\/wp\/v2\/product\/14143","targetHints":{"allow":["GET"]}}],"collection":[{"href":"https:\/\/www.ernstbrunn-apotheke.at\/katalog\/wp-json\/wp\/v2\/product"}],"about":[{"href":"https:\/\/www.ernstbrunn-apotheke.at\/katalog\/wp-json\/wp\/v2\/types\/product"}],"wp:featuredmedia":[{"embeddable":true,"href":"https:\/\/www.ernstbrunn-apotheke.at\/katalog\/wp-json\/wp\/v2\/media\/14145"}],"wp:attachment":[{"href":"https:\/\/www.ernstbrunn-apotheke.at\/katalog\/wp-json\/wp\/v2\/media?parent=14143"}],"wp:term":[{"taxonomy":"product_brand","embeddable":true,"href":"https:\/\/www.ernstbrunn-apotheke.at\/katalog\/wp-json\/wp\/v2\/product_brand?post=14143"},{"taxonomy":"product_cat","embeddable":true,"href":"https:\/\/www.ernstbrunn-apotheke.at\/katalog\/wp-json\/wp\/v2\/product_cat?post=14143"},{"taxonomy":"product_tag","embeddable":true,"href":"https:\/\/www.ernstbrunn-apotheke.at\/katalog\/wp-json\/wp\/v2\/product_tag?post=14143"}],"curies":[{"name":"wp","href":"https:\/\/api.w.org\/{rel}","templated":true}]}}