{"id":141350,"date":"2025-11-14T21:06:23","date_gmt":"2025-11-14T20:06:23","guid":{"rendered":"https:\/\/www.ernstbrunn-apotheke.at\/katalog\/produkt\/gelifend-vaginalgel-5ml-7-stk-2\/"},"modified":"2025-12-09T10:43:01","modified_gmt":"2025-12-09T09:43:01","slug":"gelifend-vaginalgel-5ml-7-stk-2","status":"publish","type":"product","link":"https:\/\/www.ernstbrunn-apotheke.at\/katalog\/produkt\/gelifend-vaginalgel-5ml-7-stk-2\/","title":{"rendered":"Gelifend Vaginalgel 5ml 7 Stk."},"content":{"rendered":"<p>Gelifend Vaginalgel 5ml enth\u00e4lt Milchs\u00e4ure und Glykogen zur Wiederherstellung und Aufrechterhaltung einer gesunden Vaginalflora und sorgt somit f\u00fcr eine optimale Vorbeugung der Pilzinfektion.<\/p>\n","protected":false},"excerpt":{"rendered":"<p>Gelifend Vaginalgel 5ml enth\u00e4lt Milchs\u00e4ure und Glykogen zur Wiederherstellung und Aufrechterhaltung einer gesunden Vaginalflora und sorgt somit f\u00fcr eine optimale Vorbeugung der Pilzinfektion.<\/p>\n","protected":false},"featured_media":0,"template":"","meta":{"_acf_changed":false},"product_brand":[],"product_cat":[810],"product_tag":[],"class_list":{"0":"post-141350","1":"product","2":"type-product","3":"status-publish","5":"product_cat-g","6":"pa_packungsgroesse-7-stueck","8":"first","9":"instock","10":"shipping-taxable","11":"purchasable","12":"product-type-simple"},"acf":[],"_links":{"self":[{"href":"https:\/\/www.ernstbrunn-apotheke.at\/katalog\/wp-json\/wp\/v2\/product\/141350","targetHints":{"allow":["GET"]}}],"collection":[{"href":"https:\/\/www.ernstbrunn-apotheke.at\/katalog\/wp-json\/wp\/v2\/product"}],"about":[{"href":"https:\/\/www.ernstbrunn-apotheke.at\/katalog\/wp-json\/wp\/v2\/types\/product"}],"wp:attachment":[{"href":"https:\/\/www.ernstbrunn-apotheke.at\/katalog\/wp-json\/wp\/v2\/media?parent=141350"}],"wp:term":[{"taxonomy":"product_brand","embeddable":true,"href":"https:\/\/www.ernstbrunn-apotheke.at\/katalog\/wp-json\/wp\/v2\/product_brand?post=141350"},{"taxonomy":"product_cat","embeddable":true,"href":"https:\/\/www.ernstbrunn-apotheke.at\/katalog\/wp-json\/wp\/v2\/product_cat?post=141350"},{"taxonomy":"product_tag","embeddable":true,"href":"https:\/\/www.ernstbrunn-apotheke.at\/katalog\/wp-json\/wp\/v2\/product_tag?post=141350"}],"curies":[{"name":"wp","href":"https:\/\/api.w.org\/{rel}","templated":true}]}}