{"id":14134,"date":"2025-11-07T15:18:19","date_gmt":"2025-11-07T14:18:19","guid":{"rendered":"https:\/\/www.ernstbrunn-apotheke.at\/katalog\/produkt\/viruprotect-erkaeltungsspray-7-ml\/"},"modified":"2025-12-08T13:38:03","modified_gmt":"2025-12-08T12:38:03","slug":"viruprotect-erkaeltungsspray-7-ml","status":"publish","type":"product","link":"https:\/\/www.ernstbrunn-apotheke.at\/katalog\/produkt\/viruprotect-erkaeltungsspray-7-ml\/","title":{"rendered":"ViruProtect Erk\u00e4ltungsspray 7 ml"},"content":{"rendered":"<p>ViruProtect Erk\u00e4ltungsspray wirkt wie ein Schutzschild gegen Erk\u00e4ltungsviren! Der Spray wirkt lokal gegen Erk\u00e4ltungsviren und minimiert das Ansteckungsrisiko. Au\u00dferdem erm\u00f6glicht der wohlschmeckende Mundspray eine einfach Anwendung &#8211; jetzt versandkostenfreie Lieferung nutzen und sich vor Erk\u00e4ltungen sch\u00fctzen!<\/p>\n","protected":false},"excerpt":{"rendered":"<p>ViruProtect Erk\u00e4ltungsspray wirkt wie ein Schutzschild gegen Erk\u00e4ltungsviren! Der Spray wirkt lokal gegen Erk\u00e4ltungsviren und minimiert das Ansteckungsrisiko. Au\u00dferdem erm\u00f6glicht der wohlschmeckende Mundspray eine einfach Anwendung &#8211; jetzt versandkostenfreie Lieferung nutzen und sich vor Erk\u00e4ltungen sch\u00fctzen!<\/p>\n","protected":false},"featured_media":14136,"template":"","meta":{"_acf_changed":false},"product_brand":[518],"product_cat":[799],"product_tag":[],"class_list":{"0":"post-14134","1":"product","2":"type-product","3":"status-publish","4":"has-post-thumbnail","6":"product_brand-viruprotect","7":"product_cat-v","8":"pa_packungsgroesse-7ml","10":"first","11":"instock","12":"shipping-taxable","13":"purchasable","14":"product-type-simple"},"acf":[],"_links":{"self":[{"href":"https:\/\/www.ernstbrunn-apotheke.at\/katalog\/wp-json\/wp\/v2\/product\/14134","targetHints":{"allow":["GET"]}}],"collection":[{"href":"https:\/\/www.ernstbrunn-apotheke.at\/katalog\/wp-json\/wp\/v2\/product"}],"about":[{"href":"https:\/\/www.ernstbrunn-apotheke.at\/katalog\/wp-json\/wp\/v2\/types\/product"}],"wp:featuredmedia":[{"embeddable":true,"href":"https:\/\/www.ernstbrunn-apotheke.at\/katalog\/wp-json\/wp\/v2\/media\/14136"}],"wp:attachment":[{"href":"https:\/\/www.ernstbrunn-apotheke.at\/katalog\/wp-json\/wp\/v2\/media?parent=14134"}],"wp:term":[{"taxonomy":"product_brand","embeddable":true,"href":"https:\/\/www.ernstbrunn-apotheke.at\/katalog\/wp-json\/wp\/v2\/product_brand?post=14134"},{"taxonomy":"product_cat","embeddable":true,"href":"https:\/\/www.ernstbrunn-apotheke.at\/katalog\/wp-json\/wp\/v2\/product_cat?post=14134"},{"taxonomy":"product_tag","embeddable":true,"href":"https:\/\/www.ernstbrunn-apotheke.at\/katalog\/wp-json\/wp\/v2\/product_tag?post=14134"}],"curies":[{"name":"wp","href":"https:\/\/api.w.org\/{rel}","templated":true}]}}