{"id":14124,"date":"2025-11-07T15:18:19","date_gmt":"2025-11-07T14:18:19","guid":{"rendered":"https:\/\/www.ernstbrunn-apotheke.at\/katalog\/produkt\/gelomyrtol-300-mg-kapseln\/"},"modified":"2025-12-08T13:38:01","modified_gmt":"2025-12-08T12:38:01","slug":"gelomyrtol-300-mg-kapseln","status":"publish","type":"product","link":"https:\/\/www.ernstbrunn-apotheke.at\/katalog\/produkt\/gelomyrtol-300-mg-kapseln\/","title":{"rendered":"GeloMyrtol 300 mg Kapseln"},"content":{"rendered":"<p>GeloMyrtol\u00ae wirkt in den Atemwegen schleimver\u00ad fl\u00fcssigend, f\u00f6rdert den Sekretabtransport, erleichtert das Abhusten und wirkt entz\u00fcndungshemmend. Zur Schleiml\u00f6sung bei akuten und chronischen Katarrhen der Atemwege (Bronchitis) und bei Entz\u00fcndungen der Nasennebenh\u00f6hlen (Sinusitis).<\/p>\n","protected":false},"excerpt":{"rendered":"<p>GeloMyrtol\u00ae wirkt in den Atemwegen schleimver\u00ad fl\u00fcssigend, f\u00f6rdert den Sekretabtransport, erleichtert das Abhusten und wirkt entz\u00fcndungshemmend. Zur Schleiml\u00f6sung bei akuten und chronischen Katarrhen der Atemwege (Bronchitis) und bei Entz\u00fcndungen der Nasennebenh\u00f6hlen (Sinusitis).<\/p>\n","protected":false},"featured_media":14126,"template":"","meta":{"_acf_changed":false},"product_brand":[],"product_cat":[810],"product_tag":[],"class_list":{"0":"post-14124","1":"product","2":"type-product","3":"status-publish","4":"has-post-thumbnail","6":"product_cat-g","7":"pa_packungsgroesse-20-stueck","8":"pa_packungsgroesse-50-stueck","10":"first","11":"instock","12":"shipping-taxable","13":"purchasable","14":"product-type-simple"},"acf":[],"_links":{"self":[{"href":"https:\/\/www.ernstbrunn-apotheke.at\/katalog\/wp-json\/wp\/v2\/product\/14124","targetHints":{"allow":["GET"]}}],"collection":[{"href":"https:\/\/www.ernstbrunn-apotheke.at\/katalog\/wp-json\/wp\/v2\/product"}],"about":[{"href":"https:\/\/www.ernstbrunn-apotheke.at\/katalog\/wp-json\/wp\/v2\/types\/product"}],"wp:featuredmedia":[{"embeddable":true,"href":"https:\/\/www.ernstbrunn-apotheke.at\/katalog\/wp-json\/wp\/v2\/media\/14126"}],"wp:attachment":[{"href":"https:\/\/www.ernstbrunn-apotheke.at\/katalog\/wp-json\/wp\/v2\/media?parent=14124"}],"wp:term":[{"taxonomy":"product_brand","embeddable":true,"href":"https:\/\/www.ernstbrunn-apotheke.at\/katalog\/wp-json\/wp\/v2\/product_brand?post=14124"},{"taxonomy":"product_cat","embeddable":true,"href":"https:\/\/www.ernstbrunn-apotheke.at\/katalog\/wp-json\/wp\/v2\/product_cat?post=14124"},{"taxonomy":"product_tag","embeddable":true,"href":"https:\/\/www.ernstbrunn-apotheke.at\/katalog\/wp-json\/wp\/v2\/product_tag?post=14124"}],"curies":[{"name":"wp","href":"https:\/\/api.w.org\/{rel}","templated":true}]}}