{"id":14118,"date":"2025-11-07T15:17:55","date_gmt":"2025-11-07T14:17:55","guid":{"rendered":"https:\/\/www.ernstbrunn-apotheke.at\/katalog\/produkt\/aspirin-complex-500mg-30mg-granulat-2\/"},"modified":"2025-12-08T13:38:00","modified_gmt":"2025-12-08T12:38:00","slug":"aspirin-complex-500mg-30mg-granulat-2","status":"publish","type":"product","link":"https:\/\/www.ernstbrunn-apotheke.at\/katalog\/produkt\/aspirin-complex-500mg-30mg-granulat-2\/","title":{"rendered":"Aspirin\u00ae Complex 500mg \/ 30mg Granulat"},"content":{"rendered":"<p>ASPIRIN\u00ae Complex Hei\u00dfgetr\u00e4nk hat schmerzlindernde, entz\u00fcndungshemmende, fiebersenkende und nasenschleimhautabschwellende Eigenschaften. Das Granulat wird angewendet zur symptomatischen Behandlung von Schleimhautschwellungen im Bereich der Nase und Nasennebenh\u00f6hlen (Rhinosinusitis) mit erk\u00e4ltungsbedingten Schmerzen und Fieber und\/oder grippe\u00e4hnlichen Symptomen.<\/p>\n","protected":false},"excerpt":{"rendered":"<p>ASPIRIN\u00ae Complex Hei\u00dfgetr\u00e4nk hat schmerzlindernde, entz\u00fcndungshemmende, fiebersenkende und nasenschleimhautabschwellende Eigenschaften. Das Granulat wird angewendet zur symptomatischen Behandlung von Schleimhautschwellungen im Bereich der Nase und Nasennebenh\u00f6hlen (Rhinosinusitis) mit erk\u00e4ltungsbedingten Schmerzen und Fieber und\/oder grippe\u00e4hnlichen Symptomen.<\/p>\n","protected":false},"featured_media":14120,"template":"","meta":{"_acf_changed":false},"product_brand":[517],"product_cat":[801],"product_tag":[],"class_list":{"0":"post-14118","1":"product","2":"type-product","3":"status-publish","4":"has-post-thumbnail","6":"product_brand-aspirin","7":"product_cat-a","8":"pa_packungsgroesse-10-beutel","10":"first","11":"instock","12":"shipping-taxable","13":"purchasable","14":"product-type-simple"},"acf":[],"_links":{"self":[{"href":"https:\/\/www.ernstbrunn-apotheke.at\/katalog\/wp-json\/wp\/v2\/product\/14118","targetHints":{"allow":["GET"]}}],"collection":[{"href":"https:\/\/www.ernstbrunn-apotheke.at\/katalog\/wp-json\/wp\/v2\/product"}],"about":[{"href":"https:\/\/www.ernstbrunn-apotheke.at\/katalog\/wp-json\/wp\/v2\/types\/product"}],"wp:featuredmedia":[{"embeddable":true,"href":"https:\/\/www.ernstbrunn-apotheke.at\/katalog\/wp-json\/wp\/v2\/media\/14120"}],"wp:attachment":[{"href":"https:\/\/www.ernstbrunn-apotheke.at\/katalog\/wp-json\/wp\/v2\/media?parent=14118"}],"wp:term":[{"taxonomy":"product_brand","embeddable":true,"href":"https:\/\/www.ernstbrunn-apotheke.at\/katalog\/wp-json\/wp\/v2\/product_brand?post=14118"},{"taxonomy":"product_cat","embeddable":true,"href":"https:\/\/www.ernstbrunn-apotheke.at\/katalog\/wp-json\/wp\/v2\/product_cat?post=14118"},{"taxonomy":"product_tag","embeddable":true,"href":"https:\/\/www.ernstbrunn-apotheke.at\/katalog\/wp-json\/wp\/v2\/product_tag?post=14118"}],"curies":[{"name":"wp","href":"https:\/\/api.w.org\/{rel}","templated":true}]}}