{"id":141153,"date":"2025-11-14T20:35:07","date_gmt":"2025-11-14T19:35:07","guid":{"rendered":"https:\/\/www.ernstbrunn-apotheke.at\/katalog\/produkt\/artemisia-intense-kapseln-400-mg-150-stk\/"},"modified":"2025-12-09T10:42:41","modified_gmt":"2025-12-09T09:42:41","slug":"artemisia-intense-kapseln-400-mg-150-stk","status":"publish","type":"product","link":"https:\/\/www.ernstbrunn-apotheke.at\/katalog\/produkt\/artemisia-intense-kapseln-400-mg-150-stk\/","title":{"rendered":"Artemisia Intense Kapseln 400 mg 150 Stk."},"content":{"rendered":"<p>Artemisia Intense Kapseln ist einer von \u00fcber 30.000 Artikeln, die Sie in unserer Versandapotheke dauerhaft mit hohem Rabatt bestellen k\u00f6nnen. Wir bieten Ihnen die komplette Auswahl einer \u00f6sterreichischen Standortapotheke \u2013 nur mit hohem Rabatt, denn wir pulverisieren Preise!<\/p>\n","protected":false},"excerpt":{"rendered":"<p>Artemisia Intense Kapseln ist einer von \u00fcber 30.000 Artikeln, die Sie in unserer Versandapotheke dauerhaft mit hohem Rabatt bestellen k\u00f6nnen. Wir bieten Ihnen die komplette Auswahl einer \u00f6sterreichischen Standortapotheke \u2013 nur mit hohem Rabatt, denn wir pulverisieren Preise!<\/p>\n","protected":false},"featured_media":0,"template":"","meta":{"_acf_changed":false},"product_brand":[],"product_cat":[801],"product_tag":[],"class_list":{"0":"post-141153","1":"product","2":"type-product","3":"status-publish","5":"product_cat-a","6":"pa_packungsgroesse-150-stueck","8":"first","9":"instock","10":"shipping-taxable","11":"purchasable","12":"product-type-simple"},"acf":[],"_links":{"self":[{"href":"https:\/\/www.ernstbrunn-apotheke.at\/katalog\/wp-json\/wp\/v2\/product\/141153","targetHints":{"allow":["GET"]}}],"collection":[{"href":"https:\/\/www.ernstbrunn-apotheke.at\/katalog\/wp-json\/wp\/v2\/product"}],"about":[{"href":"https:\/\/www.ernstbrunn-apotheke.at\/katalog\/wp-json\/wp\/v2\/types\/product"}],"wp:attachment":[{"href":"https:\/\/www.ernstbrunn-apotheke.at\/katalog\/wp-json\/wp\/v2\/media?parent=141153"}],"wp:term":[{"taxonomy":"product_brand","embeddable":true,"href":"https:\/\/www.ernstbrunn-apotheke.at\/katalog\/wp-json\/wp\/v2\/product_brand?post=141153"},{"taxonomy":"product_cat","embeddable":true,"href":"https:\/\/www.ernstbrunn-apotheke.at\/katalog\/wp-json\/wp\/v2\/product_cat?post=141153"},{"taxonomy":"product_tag","embeddable":true,"href":"https:\/\/www.ernstbrunn-apotheke.at\/katalog\/wp-json\/wp\/v2\/product_tag?post=141153"}],"curies":[{"name":"wp","href":"https:\/\/api.w.org\/{rel}","templated":true}]}}