{"id":14085,"date":"2025-11-07T15:17:26","date_gmt":"2025-11-07T14:17:26","guid":{"rendered":"https:\/\/www.ernstbrunn-apotheke.at\/katalog\/produkt\/grippostad-c-kapseln\/"},"modified":"2025-12-08T13:37:26","modified_gmt":"2025-12-08T12:37:26","slug":"grippostad-c-kapseln","status":"publish","type":"product","link":"https:\/\/www.ernstbrunn-apotheke.at\/katalog\/produkt\/grippostad-c-kapseln\/","title":{"rendered":"Grippostad\u00ae C Kapseln"},"content":{"rendered":"<p>Grippostad\u00ae C Kapseln bieten mit der innovativen 4er-Wirkstoffkombination Paracetamol, Chlorphenamin, Coffein und Ascorbins\u00e4ure (Vit. C) schnelle Hilfe beigrippalen Infekten und Erk\u00e4ltungskrankheiten verbunden mit Fieber. Paracetamol wirkt schmerzlindernd und fiebersenkend, Chlorphenamin tr\u00e4gt zur Abschwellung der Nasenschleimhaut bei und lindert Reizhusten, Coffein verst\u00e4rkt die schmerzstillende Wirkung von Paracetamol und Vitamin C unterst\u00fctzt das Immunsystem.<\/p>\n","protected":false},"excerpt":{"rendered":"<p>Grippostad\u00ae C Kapseln bieten mit der innovativen 4er-Wirkstoffkombination Paracetamol, Chlorphenamin, Coffein und Ascorbins\u00e4ure (Vit. C) schnelle Hilfe beigrippalen Infekten und Erk\u00e4ltungskrankheiten verbunden mit Fieber. Paracetamol wirkt schmerzlindernd und fiebersenkend, Chlorphenamin tr\u00e4gt zur Abschwellung der Nasenschleimhaut bei und lindert Reizhusten, Coffein verst\u00e4rkt die schmerzstillende Wirkung von Paracetamol und Vitamin C unterst\u00fctzt das Immunsystem.<\/p>\n","protected":false},"featured_media":14087,"template":"","meta":{"_acf_changed":false},"product_brand":[515],"product_cat":[810],"product_tag":[],"class_list":{"0":"post-14085","1":"product","2":"type-product","3":"status-publish","4":"has-post-thumbnail","6":"product_brand-grippostad","7":"product_cat-g","8":"pa_packungsgroesse-24-stueck","10":"first","11":"instock","12":"shipping-taxable","13":"purchasable","14":"product-type-simple"},"acf":[],"_links":{"self":[{"href":"https:\/\/www.ernstbrunn-apotheke.at\/katalog\/wp-json\/wp\/v2\/product\/14085","targetHints":{"allow":["GET"]}}],"collection":[{"href":"https:\/\/www.ernstbrunn-apotheke.at\/katalog\/wp-json\/wp\/v2\/product"}],"about":[{"href":"https:\/\/www.ernstbrunn-apotheke.at\/katalog\/wp-json\/wp\/v2\/types\/product"}],"wp:featuredmedia":[{"embeddable":true,"href":"https:\/\/www.ernstbrunn-apotheke.at\/katalog\/wp-json\/wp\/v2\/media\/14087"}],"wp:attachment":[{"href":"https:\/\/www.ernstbrunn-apotheke.at\/katalog\/wp-json\/wp\/v2\/media?parent=14085"}],"wp:term":[{"taxonomy":"product_brand","embeddable":true,"href":"https:\/\/www.ernstbrunn-apotheke.at\/katalog\/wp-json\/wp\/v2\/product_brand?post=14085"},{"taxonomy":"product_cat","embeddable":true,"href":"https:\/\/www.ernstbrunn-apotheke.at\/katalog\/wp-json\/wp\/v2\/product_cat?post=14085"},{"taxonomy":"product_tag","embeddable":true,"href":"https:\/\/www.ernstbrunn-apotheke.at\/katalog\/wp-json\/wp\/v2\/product_tag?post=14085"}],"curies":[{"name":"wp","href":"https:\/\/api.w.org\/{rel}","templated":true}]}}