{"id":140771,"date":"2025-11-14T20:26:08","date_gmt":"2025-11-14T19:26:08","guid":{"rendered":"https:\/\/www.ernstbrunn-apotheke.at\/katalog\/produkt\/dr-kottas-tee-aroma-waldbeer-500-g\/"},"modified":"2025-12-09T10:41:20","modified_gmt":"2025-12-09T09:41:20","slug":"dr-kottas-tee-aroma-waldbeer-500-g","status":"publish","type":"product","link":"https:\/\/www.ernstbrunn-apotheke.at\/katalog\/produkt\/dr-kottas-tee-aroma-waldbeer-500-g\/","title":{"rendered":"Dr. Kottas Tee Aroma Waldbeer 500 g"},"content":{"rendered":"<p>Das \u00f6sterreichische Familienunternehmen Dr. Kottas wurde 1795 gegr\u00fcndet und besch\u00e4ftigt sich seit 8 Generationen mit der Anwendung und Verarbeitung von Kr\u00e4utern, basieren auf dem Wissen der alpenl\u00e4ndischen Kr\u00e4utertradition. Das Sortiment umfasst die in Europa gebr\u00e4ulichsten Heilkr\u00e4uter, die zum gro\u00dfen Teil aus Wildsammlungen stammen. Das Unternehmen Dr. Kottas setzen f\u00fcr ihre Arzneispezialit\u00e4ten m\u00f6glichst Kr\u00e4uter aus \u00f6sterreichischer Herkunft ein, haben aber auch gute und lange Handelsbeziehungen zu vielen Kr\u00e4uteranbaubetrieben weltweit.<\/p>\n","protected":false},"excerpt":{"rendered":"<p>Das \u00f6sterreichische Familienunternehmen Dr. Kottas wurde 1795 gegr\u00fcndet und besch\u00e4ftigt sich seit 8 Generationen mit der Anwendung und Verarbeitung von Kr\u00e4utern, basieren auf dem Wissen der alpenl\u00e4ndischen Kr\u00e4utertradition. Das Sortiment umfasst die in Europa gebr\u00e4ulichsten Heilkr\u00e4uter, die zum gro\u00dfen Teil aus Wildsammlungen stammen. Das Unternehmen Dr. Kottas setzen f\u00fcr ihre Arzneispezialit\u00e4ten m\u00f6glichst Kr\u00e4uter aus \u00f6sterreichischer [&hellip;]<\/p>\n","protected":false},"featured_media":0,"template":"","meta":{"_acf_changed":false},"product_brand":[1478],"product_cat":[792],"product_tag":[],"class_list":{"0":"post-140771","1":"product","2":"type-product","3":"status-publish","5":"product_brand-kottas","6":"product_cat-d","7":"pa_packungsgroesse-500g","9":"first","10":"instock","11":"shipping-taxable","12":"purchasable","13":"product-type-simple"},"acf":[],"_links":{"self":[{"href":"https:\/\/www.ernstbrunn-apotheke.at\/katalog\/wp-json\/wp\/v2\/product\/140771","targetHints":{"allow":["GET"]}}],"collection":[{"href":"https:\/\/www.ernstbrunn-apotheke.at\/katalog\/wp-json\/wp\/v2\/product"}],"about":[{"href":"https:\/\/www.ernstbrunn-apotheke.at\/katalog\/wp-json\/wp\/v2\/types\/product"}],"wp:attachment":[{"href":"https:\/\/www.ernstbrunn-apotheke.at\/katalog\/wp-json\/wp\/v2\/media?parent=140771"}],"wp:term":[{"taxonomy":"product_brand","embeddable":true,"href":"https:\/\/www.ernstbrunn-apotheke.at\/katalog\/wp-json\/wp\/v2\/product_brand?post=140771"},{"taxonomy":"product_cat","embeddable":true,"href":"https:\/\/www.ernstbrunn-apotheke.at\/katalog\/wp-json\/wp\/v2\/product_cat?post=140771"},{"taxonomy":"product_tag","embeddable":true,"href":"https:\/\/www.ernstbrunn-apotheke.at\/katalog\/wp-json\/wp\/v2\/product_tag?post=140771"}],"curies":[{"name":"wp","href":"https:\/\/api.w.org\/{rel}","templated":true}]}}