{"id":140663,"date":"2025-11-14T20:23:40","date_gmt":"2025-11-14T19:23:40","guid":{"rendered":"https:\/\/www.ernstbrunn-apotheke.at\/katalog\/produkt\/zentinor-l-arginin-l-asparagin-ampullen-20-stk\/"},"modified":"2025-12-09T10:41:03","modified_gmt":"2025-12-09T09:41:03","slug":"zentinor-l-arginin-l-asparagin-ampullen-20-stk","status":"publish","type":"product","link":"https:\/\/www.ernstbrunn-apotheke.at\/katalog\/produkt\/zentinor-l-arginin-l-asparagin-ampullen-20-stk\/","title":{"rendered":"Zentinor L-Arginin &#038; L-Asparagin Ampullen 20 Stk."},"content":{"rendered":"<p><strong>Arginin<\/strong>\u00a0(auch bekannt als L-Arginin) ist bei Erwachsenen eine semi-essentielle und bei Kindern eine essentielle Aminos\u00e4ure w\u00e4hrend des Wachstums. Arginin ist aus metabolischer Sicht eine der vielseitigsten Aminos\u00e4uren und struktureller Bestandteil vieler Proteine.<\/p>\n<p>&#13;<\/p>\n<p>Die\u00a0<strong>L-Asparagins\u00e4ure<\/strong>\u00a0kann in der menschlichen Leber produziert werden und gilt daher als nicht essentielle Aminos\u00e4ure.<br \/>L-Asparagin hat eine spezielle Funktion im Energiestoffwechsel. Der Begriff \u201eAsparagin\u201c ist vom Spargel (Asparagus officinalis) abgeleitet, aus dem sie im 19. Jahrhundert erstmals isoliert werden konnte.<\/p>\n","protected":false},"excerpt":{"rendered":"<p>Arginin\u00a0(auch bekannt als L-Arginin) ist bei Erwachsenen eine semi-essentielle und bei Kindern eine essentielle Aminos\u00e4ure w\u00e4hrend des Wachstums. Arginin ist aus metabolischer Sicht eine der vielseitigsten Aminos\u00e4uren und struktureller Bestandteil vieler Proteine. &#13; Die\u00a0L-Asparagins\u00e4ure\u00a0kann in der menschlichen Leber produziert werden und gilt daher als nicht essentielle Aminos\u00e4ure.L-Asparagin hat eine spezielle Funktion im Energiestoffwechsel. Der Begriff [&hellip;]<\/p>\n","protected":false},"featured_media":0,"template":"","meta":{"_acf_changed":false},"product_brand":[],"product_cat":[803],"product_tag":[],"class_list":{"0":"post-140663","1":"product","2":"type-product","3":"status-publish","5":"product_cat-z","6":"pa_packungsgroesse-20-stueck","8":"first","9":"instock","10":"shipping-taxable","11":"purchasable","12":"product-type-simple"},"acf":[],"_links":{"self":[{"href":"https:\/\/www.ernstbrunn-apotheke.at\/katalog\/wp-json\/wp\/v2\/product\/140663","targetHints":{"allow":["GET"]}}],"collection":[{"href":"https:\/\/www.ernstbrunn-apotheke.at\/katalog\/wp-json\/wp\/v2\/product"}],"about":[{"href":"https:\/\/www.ernstbrunn-apotheke.at\/katalog\/wp-json\/wp\/v2\/types\/product"}],"wp:attachment":[{"href":"https:\/\/www.ernstbrunn-apotheke.at\/katalog\/wp-json\/wp\/v2\/media?parent=140663"}],"wp:term":[{"taxonomy":"product_brand","embeddable":true,"href":"https:\/\/www.ernstbrunn-apotheke.at\/katalog\/wp-json\/wp\/v2\/product_brand?post=140663"},{"taxonomy":"product_cat","embeddable":true,"href":"https:\/\/www.ernstbrunn-apotheke.at\/katalog\/wp-json\/wp\/v2\/product_cat?post=140663"},{"taxonomy":"product_tag","embeddable":true,"href":"https:\/\/www.ernstbrunn-apotheke.at\/katalog\/wp-json\/wp\/v2\/product_tag?post=140663"}],"curies":[{"name":"wp","href":"https:\/\/api.w.org\/{rel}","templated":true}]}}