{"id":14059,"date":"2025-11-07T15:17:13","date_gmt":"2025-11-07T14:17:13","guid":{"rendered":"https:\/\/www.ernstbrunn-apotheke.at\/katalog\/produkt\/renacet-filmtabletten-forte-950-mg-250-stk\/"},"modified":"2025-12-08T13:37:20","modified_gmt":"2025-12-08T12:37:20","slug":"renacet-filmtabletten-forte-950-mg-250-stk","status":"publish","type":"product","link":"https:\/\/www.ernstbrunn-apotheke.at\/katalog\/produkt\/renacet-filmtabletten-forte-950-mg-250-stk\/","title":{"rendered":"Renacet Filmtabletten forte 950 mg 250 Stk."},"content":{"rendered":"<p>Renacet Filmtabletten forte 950 mg sind eine Nahrungserg\u00e4nzung zum Ausgleich von ern\u00e4hrungsbedingtem Calciummangel. Die Tabletten sind insbesondere geeignet als Phosphatbinder f\u00fcr Personen mit einer eingeschr\u00e4nkter Nierenfunktion<\/p>\n","protected":false},"excerpt":{"rendered":"<p>Renacet Filmtabletten forte 950 mg sind eine Nahrungserg\u00e4nzung zum Ausgleich von ern\u00e4hrungsbedingtem Calciummangel. Die Tabletten sind insbesondere geeignet als Phosphatbinder f\u00fcr Personen mit einer eingeschr\u00e4nkter Nierenfunktion<\/p>\n","protected":false},"featured_media":0,"template":"","meta":{"_acf_changed":false},"product_brand":[],"product_cat":[808],"product_tag":[],"class_list":{"0":"post-14059","1":"product","2":"type-product","3":"status-publish","5":"product_cat-r","6":"pa_packungsgroesse-250-stueck","8":"first","9":"instock","10":"shipping-taxable","11":"purchasable","12":"product-type-simple"},"acf":[],"_links":{"self":[{"href":"https:\/\/www.ernstbrunn-apotheke.at\/katalog\/wp-json\/wp\/v2\/product\/14059","targetHints":{"allow":["GET"]}}],"collection":[{"href":"https:\/\/www.ernstbrunn-apotheke.at\/katalog\/wp-json\/wp\/v2\/product"}],"about":[{"href":"https:\/\/www.ernstbrunn-apotheke.at\/katalog\/wp-json\/wp\/v2\/types\/product"}],"wp:attachment":[{"href":"https:\/\/www.ernstbrunn-apotheke.at\/katalog\/wp-json\/wp\/v2\/media?parent=14059"}],"wp:term":[{"taxonomy":"product_brand","embeddable":true,"href":"https:\/\/www.ernstbrunn-apotheke.at\/katalog\/wp-json\/wp\/v2\/product_brand?post=14059"},{"taxonomy":"product_cat","embeddable":true,"href":"https:\/\/www.ernstbrunn-apotheke.at\/katalog\/wp-json\/wp\/v2\/product_cat?post=14059"},{"taxonomy":"product_tag","embeddable":true,"href":"https:\/\/www.ernstbrunn-apotheke.at\/katalog\/wp-json\/wp\/v2\/product_tag?post=14059"}],"curies":[{"name":"wp","href":"https:\/\/api.w.org\/{rel}","templated":true}]}}