{"id":14048,"date":"2025-11-07T15:16:50","date_gmt":"2025-11-07T14:16:50","guid":{"rendered":"https:\/\/www.ernstbrunn-apotheke.at\/katalog\/produkt\/gruenlippmuschel-plus-kapseln\/"},"modified":"2025-12-08T13:37:17","modified_gmt":"2025-12-08T12:37:17","slug":"gruenlippmuschel-plus-kapseln","status":"publish","type":"product","link":"https:\/\/www.ernstbrunn-apotheke.at\/katalog\/produkt\/gruenlippmuschel-plus-kapseln\/","title":{"rendered":"Gr\u00fcnlippmuschel plus Kapseln"},"content":{"rendered":"<p>Gall Pharma Gr\u00fcnlippmuschel Kapseln Plus enthalten 333 mg Gr\u00fcnlippmuschelpulver in einer Hartgelatinekapsel. Die Gr\u00fcnlippmuschel zeichnet sich durch ihren hohen Gehalt an Aminozuckern mit positivem Effekt insbesondere bei der Behandlung von Gelenkbeschwerden sowie beim Aufbau k\u00f6rpereigener Gewebe aus. Dieses Produkt erhalten Sie in den Packungsgr\u00f6\u00dfen 60 und 180 St\u00fcck.<\/p>\n","protected":false},"excerpt":{"rendered":"<p>Gall Pharma Gr\u00fcnlippmuschel Kapseln Plus enthalten 333 mg Gr\u00fcnlippmuschelpulver in einer Hartgelatinekapsel. Die Gr\u00fcnlippmuschel zeichnet sich durch ihren hohen Gehalt an Aminozuckern mit positivem Effekt insbesondere bei der Behandlung von Gelenkbeschwerden sowie beim Aufbau k\u00f6rpereigener Gewebe aus. Dieses Produkt erhalten Sie in den Packungsgr\u00f6\u00dfen 60 und 180 St\u00fcck.<\/p>\n","protected":false},"featured_media":14050,"template":"","meta":{"_acf_changed":false},"product_brand":[371],"product_cat":[810],"product_tag":[],"class_list":{"0":"post-14048","1":"product","2":"type-product","3":"status-publish","4":"has-post-thumbnail","6":"product_brand-gall-pharma","7":"product_cat-g","8":"pa_packungsgroesse-180-stueck","10":"first","11":"instock","12":"shipping-taxable","13":"purchasable","14":"product-type-simple"},"acf":[],"_links":{"self":[{"href":"https:\/\/www.ernstbrunn-apotheke.at\/katalog\/wp-json\/wp\/v2\/product\/14048","targetHints":{"allow":["GET"]}}],"collection":[{"href":"https:\/\/www.ernstbrunn-apotheke.at\/katalog\/wp-json\/wp\/v2\/product"}],"about":[{"href":"https:\/\/www.ernstbrunn-apotheke.at\/katalog\/wp-json\/wp\/v2\/types\/product"}],"wp:featuredmedia":[{"embeddable":true,"href":"https:\/\/www.ernstbrunn-apotheke.at\/katalog\/wp-json\/wp\/v2\/media\/14050"}],"wp:attachment":[{"href":"https:\/\/www.ernstbrunn-apotheke.at\/katalog\/wp-json\/wp\/v2\/media?parent=14048"}],"wp:term":[{"taxonomy":"product_brand","embeddable":true,"href":"https:\/\/www.ernstbrunn-apotheke.at\/katalog\/wp-json\/wp\/v2\/product_brand?post=14048"},{"taxonomy":"product_cat","embeddable":true,"href":"https:\/\/www.ernstbrunn-apotheke.at\/katalog\/wp-json\/wp\/v2\/product_cat?post=14048"},{"taxonomy":"product_tag","embeddable":true,"href":"https:\/\/www.ernstbrunn-apotheke.at\/katalog\/wp-json\/wp\/v2\/product_tag?post=14048"}],"curies":[{"name":"wp","href":"https:\/\/api.w.org\/{rel}","templated":true}]}}