{"id":140413,"date":"2025-11-14T20:17:05","date_gmt":"2025-11-14T19:17:05","guid":{"rendered":"https:\/\/www.ernstbrunn-apotheke.at\/katalog\/produkt\/casida-lavendeloel-10-ml\/"},"modified":"2025-12-09T10:40:22","modified_gmt":"2025-12-09T09:40:22","slug":"casida-lavendeloel-10-ml","status":"publish","type":"product","link":"https:\/\/www.ernstbrunn-apotheke.at\/katalog\/produkt\/casida-lavendeloel-10-ml\/","title":{"rendered":"Casida Lavendel\u00f6l 10 ml"},"content":{"rendered":"<p>Casida Lavendel\u00f6l ist ein naturreines \u00e4therisches Lavendel\u00f6l in therapeutischer Qualit\u00e4t. Das \u00e4therische \u00d6l wirkt harmonisierend und entspannend f\u00fcr einen erholsamen Schlaf sowie wundheilungsf\u00f6rdernd und antiseptisch bei Insektenstichen. Ideal f\u00fcr die Aromatherapie und f\u00fcr Aromadiffuser geeignet.<\/p>\n","protected":false},"excerpt":{"rendered":"<p>Casida Lavendel\u00f6l ist ein naturreines \u00e4therisches Lavendel\u00f6l in therapeutischer Qualit\u00e4t. Das \u00e4therische \u00d6l wirkt harmonisierend und entspannend f\u00fcr einen erholsamen Schlaf sowie wundheilungsf\u00f6rdernd und antiseptisch bei Insektenstichen. Ideal f\u00fcr die Aromatherapie und f\u00fcr Aromadiffuser geeignet.<\/p>\n","protected":false},"featured_media":140415,"template":"","meta":{"_acf_changed":false},"product_brand":[],"product_cat":[812],"product_tag":[],"class_list":{"0":"post-140413","1":"product","2":"type-product","3":"status-publish","4":"has-post-thumbnail","6":"product_cat-c","7":"pa_packungsgroesse-10ml","9":"first","10":"instock","11":"shipping-taxable","12":"purchasable","13":"product-type-simple"},"acf":[],"_links":{"self":[{"href":"https:\/\/www.ernstbrunn-apotheke.at\/katalog\/wp-json\/wp\/v2\/product\/140413","targetHints":{"allow":["GET"]}}],"collection":[{"href":"https:\/\/www.ernstbrunn-apotheke.at\/katalog\/wp-json\/wp\/v2\/product"}],"about":[{"href":"https:\/\/www.ernstbrunn-apotheke.at\/katalog\/wp-json\/wp\/v2\/types\/product"}],"wp:featuredmedia":[{"embeddable":true,"href":"https:\/\/www.ernstbrunn-apotheke.at\/katalog\/wp-json\/wp\/v2\/media\/140415"}],"wp:attachment":[{"href":"https:\/\/www.ernstbrunn-apotheke.at\/katalog\/wp-json\/wp\/v2\/media?parent=140413"}],"wp:term":[{"taxonomy":"product_brand","embeddable":true,"href":"https:\/\/www.ernstbrunn-apotheke.at\/katalog\/wp-json\/wp\/v2\/product_brand?post=140413"},{"taxonomy":"product_cat","embeddable":true,"href":"https:\/\/www.ernstbrunn-apotheke.at\/katalog\/wp-json\/wp\/v2\/product_cat?post=140413"},{"taxonomy":"product_tag","embeddable":true,"href":"https:\/\/www.ernstbrunn-apotheke.at\/katalog\/wp-json\/wp\/v2\/product_tag?post=140413"}],"curies":[{"name":"wp","href":"https:\/\/api.w.org\/{rel}","templated":true}]}}