{"id":140365,"date":"2025-11-14T20:15:49","date_gmt":"2025-11-14T19:15:49","guid":{"rendered":"https:\/\/www.ernstbrunn-apotheke.at\/katalog\/produkt\/aquaglide-gleitgel-kirschengeschmack-100-ml\/"},"modified":"2025-12-09T10:40:15","modified_gmt":"2025-12-09T09:40:15","slug":"aquaglide-gleitgel-kirschengeschmack-100-ml","status":"publish","type":"product","link":"https:\/\/www.ernstbrunn-apotheke.at\/katalog\/produkt\/aquaglide-gleitgel-kirschengeschmack-100-ml\/","title":{"rendered":"Aquaglide Gleitgel Kirschengeschmack 100 ml"},"content":{"rendered":"<p>Aquaglide Gleitgel ist seit langer Zeit eines der popul\u00e4rsten Gleitmittel. Das kristallklare Gel (auf Wasserbasis), mit Langzeit-Gleiteigenschaften , sorgt f\u00fcr optimale Feuchtigkeit beim Intimverkehr. Aquaglide ist immer auch f\u00fcr den Oralverkehr geeignet. Das besonders hautfreundliche Gleitgel ist hochwirksam und ergiebig.<\/p>\n","protected":false},"excerpt":{"rendered":"<p>Aquaglide Gleitgel ist seit langer Zeit eines der popul\u00e4rsten Gleitmittel. Das kristallklare Gel (auf Wasserbasis), mit Langzeit-Gleiteigenschaften , sorgt f\u00fcr optimale Feuchtigkeit beim Intimverkehr. Aquaglide ist immer auch f\u00fcr den Oralverkehr geeignet. Das besonders hautfreundliche Gleitgel ist hochwirksam und ergiebig.<\/p>\n","protected":false},"featured_media":140367,"template":"","meta":{"_acf_changed":false},"product_brand":[],"product_cat":[801],"product_tag":[],"class_list":{"0":"post-140365","1":"product","2":"type-product","3":"status-publish","4":"has-post-thumbnail","6":"product_cat-a","7":"pa_packungsgroesse-100ml","9":"first","10":"instock","11":"shipping-taxable","12":"purchasable","13":"product-type-simple"},"acf":[],"_links":{"self":[{"href":"https:\/\/www.ernstbrunn-apotheke.at\/katalog\/wp-json\/wp\/v2\/product\/140365","targetHints":{"allow":["GET"]}}],"collection":[{"href":"https:\/\/www.ernstbrunn-apotheke.at\/katalog\/wp-json\/wp\/v2\/product"}],"about":[{"href":"https:\/\/www.ernstbrunn-apotheke.at\/katalog\/wp-json\/wp\/v2\/types\/product"}],"wp:featuredmedia":[{"embeddable":true,"href":"https:\/\/www.ernstbrunn-apotheke.at\/katalog\/wp-json\/wp\/v2\/media\/140367"}],"wp:attachment":[{"href":"https:\/\/www.ernstbrunn-apotheke.at\/katalog\/wp-json\/wp\/v2\/media?parent=140365"}],"wp:term":[{"taxonomy":"product_brand","embeddable":true,"href":"https:\/\/www.ernstbrunn-apotheke.at\/katalog\/wp-json\/wp\/v2\/product_brand?post=140365"},{"taxonomy":"product_cat","embeddable":true,"href":"https:\/\/www.ernstbrunn-apotheke.at\/katalog\/wp-json\/wp\/v2\/product_cat?post=140365"},{"taxonomy":"product_tag","embeddable":true,"href":"https:\/\/www.ernstbrunn-apotheke.at\/katalog\/wp-json\/wp\/v2\/product_tag?post=140365"}],"curies":[{"name":"wp","href":"https:\/\/api.w.org\/{rel}","templated":true}]}}