{"id":140342,"date":"2025-11-14T20:15:04","date_gmt":"2025-11-14T19:15:04","guid":{"rendered":"https:\/\/www.ernstbrunn-apotheke.at\/katalog\/produkt\/burgerstein-chromvital-tabletten-150-stk\/"},"modified":"2025-12-09T10:40:14","modified_gmt":"2025-12-09T09:40:14","slug":"burgerstein-chromvital-tabletten-150-stk","status":"publish","type":"product","link":"https:\/\/www.ernstbrunn-apotheke.at\/katalog\/produkt\/burgerstein-chromvital-tabletten-150-stk\/","title":{"rendered":"Burgerstein Chromvital Tabletten 150 Stk."},"content":{"rendered":"<p>Burgerstein Chromvital enth\u00e4lt pro Tablette den gesamten Tagesbedarf des lebensnotwendigen Spurenelements Chrom. Die kleinen Tabletten sind leicht zu schlucken und enthalten organisches, gut verwertbares Chrompicolinat.F\u00fcr wen ist Burgerstein Chromvital besonders geeignet?Personen jeden Alters f\u00fcr den Blutzuckerspiegel und den Stoffwechsel Chrom tr\u00e4gt zu Aufrechterhaltung eines normalen Blutzuckerspiegels bei. Chrom tr\u00e4gt zu einem normalen Stoffwechsel von Makron\u00e4hrstoffen (Kohlenhydrate, Eiweiss und Fett) bei.Sportler Der Chrombedarf ist bei Leistungssportlern in der Regel erh\u00f6ht..<\/p>\n","protected":false},"excerpt":{"rendered":"<p>Burgerstein Chromvital enth\u00e4lt pro Tablette den gesamten Tagesbedarf des lebensnotwendigen Spurenelements Chrom. Die kleinen Tabletten sind leicht zu schlucken und enthalten organisches, gut verwertbares Chrompicolinat.F\u00fcr wen ist Burgerstein Chromvital besonders geeignet?Personen jeden Alters f\u00fcr den Blutzuckerspiegel und den Stoffwechsel Chrom tr\u00e4gt zu Aufrechterhaltung eines normalen Blutzuckerspiegels bei. Chrom tr\u00e4gt zu einem normalen Stoffwechsel von Makron\u00e4hrstoffen [&hellip;]<\/p>\n","protected":false},"featured_media":140344,"template":"","meta":{"_acf_changed":false},"product_brand":[446],"product_cat":[802],"product_tag":[],"class_list":{"0":"post-140342","1":"product","2":"type-product","3":"status-publish","4":"has-post-thumbnail","6":"product_brand-burgerstein","7":"product_cat-b","8":"pa_packungsgroesse-150-stueck","10":"first","11":"instock","12":"shipping-taxable","13":"purchasable","14":"product-type-simple"},"acf":[],"_links":{"self":[{"href":"https:\/\/www.ernstbrunn-apotheke.at\/katalog\/wp-json\/wp\/v2\/product\/140342","targetHints":{"allow":["GET"]}}],"collection":[{"href":"https:\/\/www.ernstbrunn-apotheke.at\/katalog\/wp-json\/wp\/v2\/product"}],"about":[{"href":"https:\/\/www.ernstbrunn-apotheke.at\/katalog\/wp-json\/wp\/v2\/types\/product"}],"wp:featuredmedia":[{"embeddable":true,"href":"https:\/\/www.ernstbrunn-apotheke.at\/katalog\/wp-json\/wp\/v2\/media\/140344"}],"wp:attachment":[{"href":"https:\/\/www.ernstbrunn-apotheke.at\/katalog\/wp-json\/wp\/v2\/media?parent=140342"}],"wp:term":[{"taxonomy":"product_brand","embeddable":true,"href":"https:\/\/www.ernstbrunn-apotheke.at\/katalog\/wp-json\/wp\/v2\/product_brand?post=140342"},{"taxonomy":"product_cat","embeddable":true,"href":"https:\/\/www.ernstbrunn-apotheke.at\/katalog\/wp-json\/wp\/v2\/product_cat?post=140342"},{"taxonomy":"product_tag","embeddable":true,"href":"https:\/\/www.ernstbrunn-apotheke.at\/katalog\/wp-json\/wp\/v2\/product_tag?post=140342"}],"curies":[{"name":"wp","href":"https:\/\/api.w.org\/{rel}","templated":true}]}}