{"id":140336,"date":"2025-11-14T20:14:09","date_gmt":"2025-11-14T19:14:09","guid":{"rendered":"https:\/\/www.ernstbrunn-apotheke.at\/katalog\/produkt\/sonnentor-wc-duftoel-aetherisches-oel-10-ml\/"},"modified":"2025-12-09T10:40:12","modified_gmt":"2025-12-09T09:40:12","slug":"sonnentor-wc-duftoel-aetherisches-oel-10-ml","status":"publish","type":"product","link":"https:\/\/www.ernstbrunn-apotheke.at\/katalog\/produkt\/sonnentor-wc-duftoel-aetherisches-oel-10-ml\/","title":{"rendered":"Sonnentor WC-Duft\u00f6l \u00e4therisches \u00d6l 10 ml"},"content":{"rendered":"<p>Sonnentor WC-Duft\u00f6l \u00c4therisches \u00d6l f\u00fcr das stille \u00d6rtchen. Rosmarin, Zitrone und Wei\u00dftanne bringen genau die richtigen D\u00fcfte, damit sich die Luft auf der Toilette reinigt. Die Einsatzm\u00f6glichkeiten sind so sch\u00f6n wie vielf\u00e4ltig: F\u00fcr die Duftlampe, den Aromadiffusor oder ganz einfach einen Duftstein eignet sich die Essenz aus reinsten Extrakten der Pflanze. Ganz ohne k\u00fcnstliche Zus\u00e4tze. Nicht zur Einnahme bestimmt!<\/p>\n","protected":false},"excerpt":{"rendered":"<p>Sonnentor WC-Duft\u00f6l \u00c4therisches \u00d6l f\u00fcr das stille \u00d6rtchen. Rosmarin, Zitrone und Wei\u00dftanne bringen genau die richtigen D\u00fcfte, damit sich die Luft auf der Toilette reinigt. Die Einsatzm\u00f6glichkeiten sind so sch\u00f6n wie vielf\u00e4ltig: F\u00fcr die Duftlampe, den Aromadiffusor oder ganz einfach einen Duftstein eignet sich die Essenz aus reinsten Extrakten der Pflanze. Ganz ohne k\u00fcnstliche Zus\u00e4tze. [&hellip;]<\/p>\n","protected":false},"featured_media":140338,"template":"","meta":{"_acf_changed":false},"product_brand":[925],"product_cat":[791],"product_tag":[],"class_list":{"0":"post-140336","1":"product","2":"type-product","3":"status-publish","4":"has-post-thumbnail","6":"product_brand-sonnentor","7":"product_cat-s","8":"pa_packungsgroesse-10ml","10":"first","11":"instock","12":"shipping-taxable","13":"purchasable","14":"product-type-simple"},"acf":[],"_links":{"self":[{"href":"https:\/\/www.ernstbrunn-apotheke.at\/katalog\/wp-json\/wp\/v2\/product\/140336","targetHints":{"allow":["GET"]}}],"collection":[{"href":"https:\/\/www.ernstbrunn-apotheke.at\/katalog\/wp-json\/wp\/v2\/product"}],"about":[{"href":"https:\/\/www.ernstbrunn-apotheke.at\/katalog\/wp-json\/wp\/v2\/types\/product"}],"wp:featuredmedia":[{"embeddable":true,"href":"https:\/\/www.ernstbrunn-apotheke.at\/katalog\/wp-json\/wp\/v2\/media\/140338"}],"wp:attachment":[{"href":"https:\/\/www.ernstbrunn-apotheke.at\/katalog\/wp-json\/wp\/v2\/media?parent=140336"}],"wp:term":[{"taxonomy":"product_brand","embeddable":true,"href":"https:\/\/www.ernstbrunn-apotheke.at\/katalog\/wp-json\/wp\/v2\/product_brand?post=140336"},{"taxonomy":"product_cat","embeddable":true,"href":"https:\/\/www.ernstbrunn-apotheke.at\/katalog\/wp-json\/wp\/v2\/product_cat?post=140336"},{"taxonomy":"product_tag","embeddable":true,"href":"https:\/\/www.ernstbrunn-apotheke.at\/katalog\/wp-json\/wp\/v2\/product_tag?post=140336"}],"curies":[{"name":"wp","href":"https:\/\/api.w.org\/{rel}","templated":true}]}}