{"id":140291,"date":"2025-11-14T20:13:28","date_gmt":"2025-11-14T19:13:28","guid":{"rendered":"https:\/\/www.ernstbrunn-apotheke.at\/katalog\/produkt\/gall-pharma-hydroxytryptophan-50-mg-kapseln-180-stk\/"},"modified":"2025-12-09T10:40:07","modified_gmt":"2025-12-09T09:40:07","slug":"gall-pharma-hydroxytryptophan-50-mg-kapseln-180-stk","status":"publish","type":"product","link":"https:\/\/www.ernstbrunn-apotheke.at\/katalog\/produkt\/gall-pharma-hydroxytryptophan-50-mg-kapseln-180-stk\/","title":{"rendered":"Gall Pharma Hydroxytryptophan 50 mg Kapseln 180 Stk."},"content":{"rendered":"<p>Gall Pharma Hydroxytryptophan 50 mg Kapseln 180 Stk. sind ein di\u00e4tetisches Lebensmittel f\u00fcr besondere medizinische Zwecke zur Behandlung von Depressionen. 5-HTP dient als Vorstufe der Serotoninproduktion und wirkt depressiven Verstimmungen entgegen. Weiters hat es einen positiven Einfluss bei Migr\u00e4ne und Schlafst\u00f6rungen. Durch die Kombination mit Magnesium wird der stimmungsaufhellende Effekt unterst\u00fctzt -Wir bieten Ihnen das Sortiment einer Standortapotheke nur mit hohem Rabatt, direkt zu Ihnen nach Hause geliefert!<\/p>\n","protected":false},"excerpt":{"rendered":"<p>Gall Pharma Hydroxytryptophan 50 mg Kapseln 180 Stk. sind ein di\u00e4tetisches Lebensmittel f\u00fcr besondere medizinische Zwecke zur Behandlung von Depressionen. 5-HTP dient als Vorstufe der Serotoninproduktion und wirkt depressiven Verstimmungen entgegen. Weiters hat es einen positiven Einfluss bei Migr\u00e4ne und Schlafst\u00f6rungen. Durch die Kombination mit Magnesium wird der stimmungsaufhellende Effekt unterst\u00fctzt -Wir bieten Ihnen das [&hellip;]<\/p>\n","protected":false},"featured_media":140293,"template":"","meta":{"_acf_changed":false},"product_brand":[371],"product_cat":[810],"product_tag":[],"class_list":{"0":"post-140291","1":"product","2":"type-product","3":"status-publish","4":"has-post-thumbnail","6":"product_brand-gall-pharma","7":"product_cat-g","8":"pa_packungsgroesse-180-stueck","10":"first","11":"instock","12":"shipping-taxable","13":"purchasable","14":"product-type-simple"},"acf":[],"_links":{"self":[{"href":"https:\/\/www.ernstbrunn-apotheke.at\/katalog\/wp-json\/wp\/v2\/product\/140291","targetHints":{"allow":["GET"]}}],"collection":[{"href":"https:\/\/www.ernstbrunn-apotheke.at\/katalog\/wp-json\/wp\/v2\/product"}],"about":[{"href":"https:\/\/www.ernstbrunn-apotheke.at\/katalog\/wp-json\/wp\/v2\/types\/product"}],"wp:featuredmedia":[{"embeddable":true,"href":"https:\/\/www.ernstbrunn-apotheke.at\/katalog\/wp-json\/wp\/v2\/media\/140293"}],"wp:attachment":[{"href":"https:\/\/www.ernstbrunn-apotheke.at\/katalog\/wp-json\/wp\/v2\/media?parent=140291"}],"wp:term":[{"taxonomy":"product_brand","embeddable":true,"href":"https:\/\/www.ernstbrunn-apotheke.at\/katalog\/wp-json\/wp\/v2\/product_brand?post=140291"},{"taxonomy":"product_cat","embeddable":true,"href":"https:\/\/www.ernstbrunn-apotheke.at\/katalog\/wp-json\/wp\/v2\/product_cat?post=140291"},{"taxonomy":"product_tag","embeddable":true,"href":"https:\/\/www.ernstbrunn-apotheke.at\/katalog\/wp-json\/wp\/v2\/product_tag?post=140291"}],"curies":[{"name":"wp","href":"https:\/\/api.w.org\/{rel}","templated":true}]}}