{"id":14026,"date":"2025-11-07T15:16:50","date_gmt":"2025-11-07T14:16:50","guid":{"rendered":"https:\/\/www.ernstbrunn-apotheke.at\/katalog\/produkt\/life-light-kapseln-inflam-effekt-90-stk\/"},"modified":"2025-12-08T13:37:14","modified_gmt":"2025-12-08T12:37:14","slug":"life-light-kapseln-inflam-effekt-90-stk","status":"publish","type":"product","link":"https:\/\/www.ernstbrunn-apotheke.at\/katalog\/produkt\/life-light-kapseln-inflam-effekt-90-stk\/","title":{"rendered":"Life Light Kapseln Inflam Effekt 90 Stk."},"content":{"rendered":"<p>Life Light Kapseln Inflam Effekt enthalten einen orthomolekularen Mikron\u00e4hrstoffkomplex mit Weihrauch, Bromelain, Papain, Resveratrol und ausgew\u00e4hlten Pflanzenextrakten. Alle Inhaltsstoffe sind aufeinander abgestimmt und erg\u00e4nzen sich in ihrer wohltuenden Wirkung.<\/p>\n","protected":false},"excerpt":{"rendered":"<p>Life Light Kapseln Inflam Effekt enthalten einen orthomolekularen Mikron\u00e4hrstoffkomplex mit Weihrauch, Bromelain, Papain, Resveratrol und ausgew\u00e4hlten Pflanzenextrakten. Alle Inhaltsstoffe sind aufeinander abgestimmt und erg\u00e4nzen sich in ihrer wohltuenden Wirkung.<\/p>\n","protected":false},"featured_media":14028,"template":"","meta":{"_acf_changed":false},"product_brand":[],"product_cat":[795],"product_tag":[],"class_list":{"0":"post-14026","1":"product","2":"type-product","3":"status-publish","4":"has-post-thumbnail","6":"product_cat-l","7":"pa_packungsgroesse-90-stueck","9":"first","10":"instock","11":"shipping-taxable","12":"purchasable","13":"product-type-simple"},"acf":[],"_links":{"self":[{"href":"https:\/\/www.ernstbrunn-apotheke.at\/katalog\/wp-json\/wp\/v2\/product\/14026","targetHints":{"allow":["GET"]}}],"collection":[{"href":"https:\/\/www.ernstbrunn-apotheke.at\/katalog\/wp-json\/wp\/v2\/product"}],"about":[{"href":"https:\/\/www.ernstbrunn-apotheke.at\/katalog\/wp-json\/wp\/v2\/types\/product"}],"wp:featuredmedia":[{"embeddable":true,"href":"https:\/\/www.ernstbrunn-apotheke.at\/katalog\/wp-json\/wp\/v2\/media\/14028"}],"wp:attachment":[{"href":"https:\/\/www.ernstbrunn-apotheke.at\/katalog\/wp-json\/wp\/v2\/media?parent=14026"}],"wp:term":[{"taxonomy":"product_brand","embeddable":true,"href":"https:\/\/www.ernstbrunn-apotheke.at\/katalog\/wp-json\/wp\/v2\/product_brand?post=14026"},{"taxonomy":"product_cat","embeddable":true,"href":"https:\/\/www.ernstbrunn-apotheke.at\/katalog\/wp-json\/wp\/v2\/product_cat?post=14026"},{"taxonomy":"product_tag","embeddable":true,"href":"https:\/\/www.ernstbrunn-apotheke.at\/katalog\/wp-json\/wp\/v2\/product_tag?post=14026"}],"curies":[{"name":"wp","href":"https:\/\/api.w.org\/{rel}","templated":true}]}}