{"id":140236,"date":"2025-11-14T20:11:36","date_gmt":"2025-11-14T19:11:36","guid":{"rendered":"https:\/\/www.ernstbrunn-apotheke.at\/katalog\/produkt\/apofit-mandeloel-suess-1-l\/"},"modified":"2025-12-09T10:39:57","modified_gmt":"2025-12-09T09:39:57","slug":"apofit-mandeloel-suess-1-l","status":"publish","type":"product","link":"https:\/\/www.ernstbrunn-apotheke.at\/katalog\/produkt\/apofit-mandeloel-suess-1-l\/","title":{"rendered":"Apofit Mandel\u00f6l s\u00fc\u00df 1 L"},"content":{"rendered":"<p>Apofit Mandel\u00f6l s\u00fc\u00df ist das klassische Basis\u00f6l f\u00fcr alle Massagen  ganz speziell f\u00fcr Babymassagen. Mandel\u00f6l ist besonders hautfreundlich, wirkt gl\u00e4ttend, pflegend und wird von der Haut sehr gut aufgenommen. Es eignet sich zur Pflege von empfindlicher, spr\u00f6der und trockener Haut.<\/p>\n","protected":false},"excerpt":{"rendered":"<p>Apofit Mandel\u00f6l s\u00fc\u00df ist das klassische Basis\u00f6l f\u00fcr alle Massagen ganz speziell f\u00fcr Babymassagen. Mandel\u00f6l ist besonders hautfreundlich, wirkt gl\u00e4ttend, pflegend und wird von der Haut sehr gut aufgenommen. Es eignet sich zur Pflege von empfindlicher, spr\u00f6der und trockener Haut.<\/p>\n","protected":false},"featured_media":140238,"template":"","meta":{"_acf_changed":false},"product_brand":[584],"product_cat":[801],"product_tag":[],"class_list":{"0":"post-140236","1":"product","2":"type-product","3":"status-publish","4":"has-post-thumbnail","6":"product_brand-apofit","7":"product_cat-a","8":"pa_packungsgroesse-1l","10":"first","11":"instock","12":"shipping-taxable","13":"purchasable","14":"product-type-simple"},"acf":[],"_links":{"self":[{"href":"https:\/\/www.ernstbrunn-apotheke.at\/katalog\/wp-json\/wp\/v2\/product\/140236","targetHints":{"allow":["GET"]}}],"collection":[{"href":"https:\/\/www.ernstbrunn-apotheke.at\/katalog\/wp-json\/wp\/v2\/product"}],"about":[{"href":"https:\/\/www.ernstbrunn-apotheke.at\/katalog\/wp-json\/wp\/v2\/types\/product"}],"wp:featuredmedia":[{"embeddable":true,"href":"https:\/\/www.ernstbrunn-apotheke.at\/katalog\/wp-json\/wp\/v2\/media\/140238"}],"wp:attachment":[{"href":"https:\/\/www.ernstbrunn-apotheke.at\/katalog\/wp-json\/wp\/v2\/media?parent=140236"}],"wp:term":[{"taxonomy":"product_brand","embeddable":true,"href":"https:\/\/www.ernstbrunn-apotheke.at\/katalog\/wp-json\/wp\/v2\/product_brand?post=140236"},{"taxonomy":"product_cat","embeddable":true,"href":"https:\/\/www.ernstbrunn-apotheke.at\/katalog\/wp-json\/wp\/v2\/product_cat?post=140236"},{"taxonomy":"product_tag","embeddable":true,"href":"https:\/\/www.ernstbrunn-apotheke.at\/katalog\/wp-json\/wp\/v2\/product_tag?post=140236"}],"curies":[{"name":"wp","href":"https:\/\/api.w.org\/{rel}","templated":true}]}}