{"id":140191,"date":"2025-11-14T20:10:19","date_gmt":"2025-11-14T19:10:19","guid":{"rendered":"https:\/\/www.ernstbrunn-apotheke.at\/katalog\/produkt\/life-light-kollagen-drink-300-g\/"},"modified":"2025-12-09T10:39:50","modified_gmt":"2025-12-09T09:39:50","slug":"life-light-kollagen-drink-300-g","status":"publish","type":"product","link":"https:\/\/www.ernstbrunn-apotheke.at\/katalog\/produkt\/life-light-kollagen-drink-300-g\/","title":{"rendered":"Life Light Kollagen-Drink 300 g"},"content":{"rendered":"<p>Nature Est Life Gelenk wurde f\u00fcr die Bindegewebsbildung und den Erhalt normaler Knochen entwickelt. Das Produkt stellt eine synergistische Phytoformel aus wertvollen Pflanzenstoffen, Pilzextrakten und Mikron\u00e4hrstoffen dar und vereint das Wissen der Tibetischen Medizin, der Traditionellen Europ\u00e4ischen Medizin und neuester Forschungskenntnisse. Es ist frei von Gluten, Laktose und k\u00fcnstlichen Farb- und Konservierungsstoffen, wird ohne Gentechnik hergestellt und ist auch f\u00fcr Vegetarier und Veganer geeignet. Nahrungserg\u00e4nzungsmittel dienen nicht als Ersatz f\u00fcr eine abwechslungsreiche und ausgewogene Ern\u00e4hrung. Sie sind f\u00fcr Kinder unerreichbar aufzubewahren und die empfohlene Tagesdosis darf nicht \u00fcberschritten werden &#8211; jetzt online mit 100% Sicherheit durch Kauf auf Rechnung bestellen!<\/p>\n","protected":false},"excerpt":{"rendered":"<p>Nature Est Life Gelenk wurde f\u00fcr die Bindegewebsbildung und den Erhalt normaler Knochen entwickelt. Das Produkt stellt eine synergistische Phytoformel aus wertvollen Pflanzenstoffen, Pilzextrakten und Mikron\u00e4hrstoffen dar und vereint das Wissen der Tibetischen Medizin, der Traditionellen Europ\u00e4ischen Medizin und neuester Forschungskenntnisse. Es ist frei von Gluten, Laktose und k\u00fcnstlichen Farb- und Konservierungsstoffen, wird ohne Gentechnik [&hellip;]<\/p>\n","protected":false},"featured_media":140193,"template":"","meta":{"_acf_changed":false},"product_brand":[],"product_cat":[795],"product_tag":[],"class_list":{"0":"post-140191","1":"product","2":"type-product","3":"status-publish","4":"has-post-thumbnail","6":"product_cat-l","7":"pa_packungsgroesse-300g","9":"first","10":"instock","11":"shipping-taxable","12":"purchasable","13":"product-type-simple"},"acf":[],"_links":{"self":[{"href":"https:\/\/www.ernstbrunn-apotheke.at\/katalog\/wp-json\/wp\/v2\/product\/140191","targetHints":{"allow":["GET"]}}],"collection":[{"href":"https:\/\/www.ernstbrunn-apotheke.at\/katalog\/wp-json\/wp\/v2\/product"}],"about":[{"href":"https:\/\/www.ernstbrunn-apotheke.at\/katalog\/wp-json\/wp\/v2\/types\/product"}],"wp:featuredmedia":[{"embeddable":true,"href":"https:\/\/www.ernstbrunn-apotheke.at\/katalog\/wp-json\/wp\/v2\/media\/140193"}],"wp:attachment":[{"href":"https:\/\/www.ernstbrunn-apotheke.at\/katalog\/wp-json\/wp\/v2\/media?parent=140191"}],"wp:term":[{"taxonomy":"product_brand","embeddable":true,"href":"https:\/\/www.ernstbrunn-apotheke.at\/katalog\/wp-json\/wp\/v2\/product_brand?post=140191"},{"taxonomy":"product_cat","embeddable":true,"href":"https:\/\/www.ernstbrunn-apotheke.at\/katalog\/wp-json\/wp\/v2\/product_cat?post=140191"},{"taxonomy":"product_tag","embeddable":true,"href":"https:\/\/www.ernstbrunn-apotheke.at\/katalog\/wp-json\/wp\/v2\/product_tag?post=140191"}],"curies":[{"name":"wp","href":"https:\/\/api.w.org\/{rel}","templated":true}]}}