{"id":140181,"date":"2025-11-14T20:10:19","date_gmt":"2025-11-14T19:10:19","guid":{"rendered":"https:\/\/www.ernstbrunn-apotheke.at\/katalog\/produkt\/espara-dentofit-kapseln-60-stk\/"},"modified":"2025-12-09T10:39:50","modified_gmt":"2025-12-09T09:39:50","slug":"espara-dentofit-kapseln-60-stk","status":"publish","type":"product","link":"https:\/\/www.ernstbrunn-apotheke.at\/katalog\/produkt\/espara-dentofit-kapseln-60-stk\/","title":{"rendered":"Espara Dentofit Kapseln 60 Stk"},"content":{"rendered":"<p>Nahrungserg\u00e4nzungsmittel mit den Aminos\u00e4uren Lysin und Prolin in Kombination mitVitaminen, dem Mineralstoff Zink und Co-Enzym Q10. Vitamin C tr\u00e4gt zur normalenKollagenbildung f\u00fcr eine normale Funktion der Z\u00e4hne bei.<\/p>\n","protected":false},"excerpt":{"rendered":"<p>Nahrungserg\u00e4nzungsmittel mit den Aminos\u00e4uren Lysin und Prolin in Kombination mitVitaminen, dem Mineralstoff Zink und Co-Enzym Q10. Vitamin C tr\u00e4gt zur normalenKollagenbildung f\u00fcr eine normale Funktion der Z\u00e4hne bei.<\/p>\n","protected":false},"featured_media":140183,"template":"","meta":{"_acf_changed":false},"product_brand":[383],"product_cat":[794],"product_tag":[],"class_list":{"0":"post-140181","1":"product","2":"type-product","3":"status-publish","4":"has-post-thumbnail","6":"product_brand-espara","7":"product_cat-e","8":"pa_packungsgroesse-60-stueck","10":"first","11":"instock","12":"shipping-taxable","13":"purchasable","14":"product-type-simple"},"acf":[],"_links":{"self":[{"href":"https:\/\/www.ernstbrunn-apotheke.at\/katalog\/wp-json\/wp\/v2\/product\/140181","targetHints":{"allow":["GET"]}}],"collection":[{"href":"https:\/\/www.ernstbrunn-apotheke.at\/katalog\/wp-json\/wp\/v2\/product"}],"about":[{"href":"https:\/\/www.ernstbrunn-apotheke.at\/katalog\/wp-json\/wp\/v2\/types\/product"}],"wp:featuredmedia":[{"embeddable":true,"href":"https:\/\/www.ernstbrunn-apotheke.at\/katalog\/wp-json\/wp\/v2\/media\/140183"}],"wp:attachment":[{"href":"https:\/\/www.ernstbrunn-apotheke.at\/katalog\/wp-json\/wp\/v2\/media?parent=140181"}],"wp:term":[{"taxonomy":"product_brand","embeddable":true,"href":"https:\/\/www.ernstbrunn-apotheke.at\/katalog\/wp-json\/wp\/v2\/product_brand?post=140181"},{"taxonomy":"product_cat","embeddable":true,"href":"https:\/\/www.ernstbrunn-apotheke.at\/katalog\/wp-json\/wp\/v2\/product_cat?post=140181"},{"taxonomy":"product_tag","embeddable":true,"href":"https:\/\/www.ernstbrunn-apotheke.at\/katalog\/wp-json\/wp\/v2\/product_tag?post=140181"}],"curies":[{"name":"wp","href":"https:\/\/api.w.org\/{rel}","templated":true}]}}