{"id":140175,"date":"2025-11-14T20:10:19","date_gmt":"2025-11-14T19:10:19","guid":{"rendered":"https:\/\/www.ernstbrunn-apotheke.at\/katalog\/produkt\/rescue-spray-alkoholfrei-20-ml\/"},"modified":"2025-12-09T10:39:49","modified_gmt":"2025-12-09T09:39:49","slug":"rescue-spray-alkoholfrei-20-ml","status":"publish","type":"product","link":"https:\/\/www.ernstbrunn-apotheke.at\/katalog\/produkt\/rescue-spray-alkoholfrei-20-ml\/","title":{"rendered":"RESCUE Spray Alkoholfrei 20 ml"},"content":{"rendered":"<p>Original Bach RESCUE\u00ae Spray kann in emotionalherausfordernden Situationen Unterst\u00fctzung bietenund zur Beruhigung beitragen.Alkoholfreier Auszug aus den Bach\u00ae-Bl\u00fctenDr\u00fcsentragendes Springkraut, Doldiger Milchstern,Kirschpflaume, Gelbes Sonnenr\u00f6schen und Wei\u00dfeWaldrebe.<\/p>\n","protected":false},"excerpt":{"rendered":"<p>Original Bach RESCUE\u00ae Spray kann in emotionalherausfordernden Situationen Unterst\u00fctzung bietenund zur Beruhigung beitragen.Alkoholfreier Auszug aus den Bach\u00ae-Bl\u00fctenDr\u00fcsentragendes Springkraut, Doldiger Milchstern,Kirschpflaume, Gelbes Sonnenr\u00f6schen und Wei\u00dfeWaldrebe.<\/p>\n","protected":false},"featured_media":140177,"template":"","meta":{"_acf_changed":false},"product_brand":[],"product_cat":[808],"product_tag":[],"class_list":{"0":"post-140175","1":"product","2":"type-product","3":"status-publish","4":"has-post-thumbnail","6":"product_cat-r","7":"pa_packungsgroesse-20ml","9":"first","10":"instock","11":"shipping-taxable","12":"purchasable","13":"product-type-simple"},"acf":[],"_links":{"self":[{"href":"https:\/\/www.ernstbrunn-apotheke.at\/katalog\/wp-json\/wp\/v2\/product\/140175","targetHints":{"allow":["GET"]}}],"collection":[{"href":"https:\/\/www.ernstbrunn-apotheke.at\/katalog\/wp-json\/wp\/v2\/product"}],"about":[{"href":"https:\/\/www.ernstbrunn-apotheke.at\/katalog\/wp-json\/wp\/v2\/types\/product"}],"wp:featuredmedia":[{"embeddable":true,"href":"https:\/\/www.ernstbrunn-apotheke.at\/katalog\/wp-json\/wp\/v2\/media\/140177"}],"wp:attachment":[{"href":"https:\/\/www.ernstbrunn-apotheke.at\/katalog\/wp-json\/wp\/v2\/media?parent=140175"}],"wp:term":[{"taxonomy":"product_brand","embeddable":true,"href":"https:\/\/www.ernstbrunn-apotheke.at\/katalog\/wp-json\/wp\/v2\/product_brand?post=140175"},{"taxonomy":"product_cat","embeddable":true,"href":"https:\/\/www.ernstbrunn-apotheke.at\/katalog\/wp-json\/wp\/v2\/product_cat?post=140175"},{"taxonomy":"product_tag","embeddable":true,"href":"https:\/\/www.ernstbrunn-apotheke.at\/katalog\/wp-json\/wp\/v2\/product_tag?post=140175"}],"curies":[{"name":"wp","href":"https:\/\/api.w.org\/{rel}","templated":true}]}}