{"id":140170,"date":"2025-11-14T20:10:19","date_gmt":"2025-11-14T19:10:19","guid":{"rendered":"https:\/\/www.ernstbrunn-apotheke.at\/katalog\/produkt\/rescue-night-spray-alkoholfrei-20-ml\/"},"modified":"2025-12-09T10:39:49","modified_gmt":"2025-12-09T09:39:49","slug":"rescue-night-spray-alkoholfrei-20-ml","status":"publish","type":"product","link":"https:\/\/www.ernstbrunn-apotheke.at\/katalog\/produkt\/rescue-night-spray-alkoholfrei-20-ml\/","title":{"rendered":"RESCUE Night Spray Alkoholfrei 20 ml"},"content":{"rendered":"<p>Die original Bachbl\u00fcten f\u00fcr die Nacht! Alkoholfreier Auszug aus den Bach\u00ae-Bl\u00fctenDr\u00fcsentragendes Springkraut, Doldiger Milchstern,Kirschpflaume, Gelbes Sonnenr\u00f6schen, Wei\u00dfeWaldrebe und Wei\u00dfe Kastanie.RESCUE NIGHT\u00ae enth\u00e4lt eine Kombination ausder Original Bach\u00ae-Bl\u00fctenmischung RESCUE\u00aeund der Original Bach\u00ae-Bl\u00fcten Wei\u00dfe Kastanie.White Chestnut ist Gef\u00fchlen der Unruhezugeordnet, z.B. wenn sich die Gedanken immerum dasselbe drehen.Die Original Bach\u00ae-Bl\u00fctenmischung f\u00fcr die Nacht!<\/p>\n","protected":false},"excerpt":{"rendered":"<p>Die original Bachbl\u00fcten f\u00fcr die Nacht! Alkoholfreier Auszug aus den Bach\u00ae-Bl\u00fctenDr\u00fcsentragendes Springkraut, Doldiger Milchstern,Kirschpflaume, Gelbes Sonnenr\u00f6schen, Wei\u00dfeWaldrebe und Wei\u00dfe Kastanie.RESCUE NIGHT\u00ae enth\u00e4lt eine Kombination ausder Original Bach\u00ae-Bl\u00fctenmischung RESCUE\u00aeund der Original Bach\u00ae-Bl\u00fcten Wei\u00dfe Kastanie.White Chestnut ist Gef\u00fchlen der Unruhezugeordnet, z.B. wenn sich die Gedanken immerum dasselbe drehen.Die Original Bach\u00ae-Bl\u00fctenmischung f\u00fcr die Nacht!<\/p>\n","protected":false},"featured_media":140172,"template":"","meta":{"_acf_changed":false},"product_brand":[],"product_cat":[808],"product_tag":[],"class_list":{"0":"post-140170","1":"product","2":"type-product","3":"status-publish","4":"has-post-thumbnail","6":"product_cat-r","7":"pa_packungsgroesse-20ml","9":"first","10":"instock","11":"shipping-taxable","12":"purchasable","13":"product-type-simple"},"acf":[],"_links":{"self":[{"href":"https:\/\/www.ernstbrunn-apotheke.at\/katalog\/wp-json\/wp\/v2\/product\/140170","targetHints":{"allow":["GET"]}}],"collection":[{"href":"https:\/\/www.ernstbrunn-apotheke.at\/katalog\/wp-json\/wp\/v2\/product"}],"about":[{"href":"https:\/\/www.ernstbrunn-apotheke.at\/katalog\/wp-json\/wp\/v2\/types\/product"}],"wp:featuredmedia":[{"embeddable":true,"href":"https:\/\/www.ernstbrunn-apotheke.at\/katalog\/wp-json\/wp\/v2\/media\/140172"}],"wp:attachment":[{"href":"https:\/\/www.ernstbrunn-apotheke.at\/katalog\/wp-json\/wp\/v2\/media?parent=140170"}],"wp:term":[{"taxonomy":"product_brand","embeddable":true,"href":"https:\/\/www.ernstbrunn-apotheke.at\/katalog\/wp-json\/wp\/v2\/product_brand?post=140170"},{"taxonomy":"product_cat","embeddable":true,"href":"https:\/\/www.ernstbrunn-apotheke.at\/katalog\/wp-json\/wp\/v2\/product_cat?post=140170"},{"taxonomy":"product_tag","embeddable":true,"href":"https:\/\/www.ernstbrunn-apotheke.at\/katalog\/wp-json\/wp\/v2\/product_tag?post=140170"}],"curies":[{"name":"wp","href":"https:\/\/api.w.org\/{rel}","templated":true}]}}